{"id":62660,"date":"2021-07-12T19:49:22","date_gmt":"2021-07-12T17:49:26","guid":{"rendered":"https:\/\/www.laperlavalles2.bcntic.com\/product\/paper-darros-bamboo-tree-31cm\/"},"modified":"2023-06-23T11:37:17","modified_gmt":"2023-06-23T09:37:17","slug":"paper-darros-bamboo-tree-31cm","status":"publish","type":"product","link":"https:\/\/www.laperlavalles.cat\/ca\/producte\/paper-darros-bamboo-tree-31cm\/","title":{"rendered":"PAPER D&#8217;ARR\u00d2S BAMBOO TREE 31CM"},"content":{"rendered":"<p>Paper d&#8217;arr\u00f2s Bamboo Tree. Paper d&#8217;arr\u00f2s format rod\u00f3 mida 31cm.<\/p>\n","protected":false},"excerpt":{"rendered":"<p>Paper d&#8217;arr\u00f2s Bamboo Tree. Paper d&#8217;arr\u00f2s format rod\u00f3 mida 31cm.<\/p>\n","protected":false},"featured_media":166790,"comment_status":"open","ping_status":"closed","template":"","meta":[],"product_cat":[8506,8411],"product_tag":[],"_links":{"self":[{"href":"https:\/\/www.laperlavalles.cat\/ca\/wp-json\/wp\/v2\/product\/62660"}],"collection":[{"href":"https:\/\/www.laperlavalles.cat\/ca\/wp-json\/wp\/v2\/product"}],"about":[{"href":"https:\/\/www.laperlavalles.cat\/ca\/wp-json\/wp\/v2\/types\/product"}],"replies":[{"embeddable":true,"href":"https:\/\/www.laperlavalles.cat\/ca\/wp-json\/wp\/v2\/comments?post=62660"}],"wp:featuredmedia":[{"embeddable":true,"href":"https:\/\/www.laperlavalles.cat\/ca\/wp-json\/wp\/v2\/media\/166790"}],"wp:attachment":[{"href":"https:\/\/www.laperlavalles.cat\/ca\/wp-json\/wp\/v2\/media?parent=62660"}],"wp:term":[{"taxonomy":"product_cat","embeddable":true,"href":"https:\/\/www.laperlavalles.cat\/ca\/wp-json\/wp\/v2\/product_cat?post=62660"},{"taxonomy":"product_tag","embeddable":true,"href":"https:\/\/www.laperlavalles.cat\/ca\/wp-json\/wp\/v2\/product_tag?post=62660"}],"curies":[{"name":"wp","href":"https:\/\/api.w.org\/{rel}","templated":true}]}}