{"id":62680,"date":"2021-07-12T19:49:44","date_gmt":"2021-07-12T17:49:48","guid":{"rendered":"https:\/\/www.laperlavalles2.bcntic.com\/product\/conserva-de-bambu-aroy-d-meitats\/"},"modified":"2023-06-23T12:21:27","modified_gmt":"2023-06-23T10:21:27","slug":"conserva-de-bambu-aroy-d-meitats","status":"publish","type":"product","link":"https:\/\/www.laperlavalles.cat\/ca\/producte\/conserva-de-bambu-aroy-d-meitats\/","title":{"rendered":"CONSERVA DE BAMB\u00da AROY-D (MEITATS)"},"content":{"rendered":"<p>La conserva de bamb\u00fa Aroy-D \u00e9s una conserva en aigua de fruita tropical ideal per a consumir tot l&#8217;any. Som prove\u00efdors de fruita tropical fresca, i fruita tropical en conserva. Contacta amb La Perla per a vendre fruita tropical. <\/p>\n","protected":false},"excerpt":{"rendered":"<p>La conserva de bamb\u00fa Aroy-D \u00e9s una conserva en aigua de fruita tropical ideal per a consumir tot l&#8217;any. Som prove\u00efdors de fruita tropical fresca, i<span class=\"excerpt-hellip\"> [\u2026]<\/span><\/p>\n","protected":false},"featured_media":168801,"comment_status":"open","ping_status":"closed","template":"","meta":[],"product_cat":[8506,8411],"product_tag":[],"_links":{"self":[{"href":"https:\/\/www.laperlavalles.cat\/ca\/wp-json\/wp\/v2\/product\/62680"}],"collection":[{"href":"https:\/\/www.laperlavalles.cat\/ca\/wp-json\/wp\/v2\/product"}],"about":[{"href":"https:\/\/www.laperlavalles.cat\/ca\/wp-json\/wp\/v2\/types\/product"}],"replies":[{"embeddable":true,"href":"https:\/\/www.laperlavalles.cat\/ca\/wp-json\/wp\/v2\/comments?post=62680"}],"wp:featuredmedia":[{"embeddable":true,"href":"https:\/\/www.laperlavalles.cat\/ca\/wp-json\/wp\/v2\/media\/168801"}],"wp:attachment":[{"href":"https:\/\/www.laperlavalles.cat\/ca\/wp-json\/wp\/v2\/media?parent=62680"}],"wp:term":[{"taxonomy":"product_cat","embeddable":true,"href":"https:\/\/www.laperlavalles.cat\/ca\/wp-json\/wp\/v2\/product_cat?post=62680"},{"taxonomy":"product_tag","embeddable":true,"href":"https:\/\/www.laperlavalles.cat\/ca\/wp-json\/wp\/v2\/product_tag?post=62680"}],"curies":[{"name":"wp","href":"https:\/\/api.w.org\/{rel}","templated":true}]}}