{"id":62720,"date":"2021-07-12T19:50:28","date_gmt":"2021-07-12T17:50:32","guid":{"rendered":"https:\/\/www.laperlavalles2.bcntic.com\/product\/conserva-de-bambu-aroy-d-tires\/"},"modified":"2023-06-23T12:22:11","modified_gmt":"2023-06-23T10:22:11","slug":"conserva-de-bambu-aroy-d-tires","status":"publish","type":"product","link":"https:\/\/www.laperlavalles.cat\/ca\/producte\/conserva-de-bambu-aroy-d-tires\/","title":{"rendered":"CONSERVA DE BAMB\u00da AROY-D (TIRES)"},"content":{"rendered":"<p>La conserva de bamb\u00fa Aroy-D \u00e9s una conserva en aigua de fruita tropical ideal per a consumir tot l&#8217;any. Som prove\u00efdors de fruita tropical fresca, i fruita tropical en conserva. Contacta amb La Perla per a vendre fruita tropical. <\/p>\n","protected":false},"excerpt":{"rendered":"<p>La conserva de bamb\u00fa Aroy-D \u00e9s una conserva en aigua de fruita tropical ideal per a consumir tot l&#8217;any. Som prove\u00efdors de fruita tropical fresca, i<span class=\"excerpt-hellip\"> [\u2026]<\/span><\/p>\n","protected":false},"featured_media":168833,"comment_status":"open","ping_status":"closed","template":"","meta":[],"product_cat":[8506,8411],"product_tag":[],"_links":{"self":[{"href":"https:\/\/www.laperlavalles.cat\/ca\/wp-json\/wp\/v2\/product\/62720"}],"collection":[{"href":"https:\/\/www.laperlavalles.cat\/ca\/wp-json\/wp\/v2\/product"}],"about":[{"href":"https:\/\/www.laperlavalles.cat\/ca\/wp-json\/wp\/v2\/types\/product"}],"replies":[{"embeddable":true,"href":"https:\/\/www.laperlavalles.cat\/ca\/wp-json\/wp\/v2\/comments?post=62720"}],"wp:featuredmedia":[{"embeddable":true,"href":"https:\/\/www.laperlavalles.cat\/ca\/wp-json\/wp\/v2\/media\/168833"}],"wp:attachment":[{"href":"https:\/\/www.laperlavalles.cat\/ca\/wp-json\/wp\/v2\/media?parent=62720"}],"wp:term":[{"taxonomy":"product_cat","embeddable":true,"href":"https:\/\/www.laperlavalles.cat\/ca\/wp-json\/wp\/v2\/product_cat?post=62720"},{"taxonomy":"product_tag","embeddable":true,"href":"https:\/\/www.laperlavalles.cat\/ca\/wp-json\/wp\/v2\/product_tag?post=62720"}],"curies":[{"name":"wp","href":"https:\/\/api.w.org\/{rel}","templated":true}]}}