{"id":62920,"date":"2021-07-12T19:53:44","date_gmt":"2021-07-12T17:53:48","guid":{"rendered":"https:\/\/www.laperlavalles2.bcntic.com\/product\/almivar-rambutan-pinya-aroy-d\/"},"modified":"2023-06-23T08:33:30","modified_gmt":"2023-06-23T06:33:30","slug":"almivar-rambutan-pinya-aroy-d","status":"publish","type":"product","link":"https:\/\/www.laperlavalles.cat\/ca\/producte\/almivar-rambutan-pinya-aroy-d\/","title":{"rendered":"ALM\u00cdVAR RAMBUTAN &amp; PINYA AROY-D"},"content":{"rendered":"<p>El rambut\u00e0 amb pinya en alm\u00edvar Aroy-D \u00e9s una conserva de fruita tropical ideal per a consumir tot l&#8217;any. Som prove\u00efdors de fruita tropical fresca, i fruita tropical en conserva. Contacta amb La Perla per a vendre fruita tropical. <\/p>\n","protected":false},"excerpt":{"rendered":"<p>El rambut\u00e0 amb pinya en alm\u00edvar Aroy-D \u00e9s una conserva de fruita tropical ideal per a consumir tot l&#8217;any. Som prove\u00efdors de fruita tropical fresca, i<span class=\"excerpt-hellip\"> [\u2026]<\/span><\/p>\n","protected":false},"featured_media":158449,"comment_status":"open","ping_status":"closed","template":"","meta":[],"product_cat":[8506,8411],"product_tag":[],"_links":{"self":[{"href":"https:\/\/www.laperlavalles.cat\/ca\/wp-json\/wp\/v2\/product\/62920"}],"collection":[{"href":"https:\/\/www.laperlavalles.cat\/ca\/wp-json\/wp\/v2\/product"}],"about":[{"href":"https:\/\/www.laperlavalles.cat\/ca\/wp-json\/wp\/v2\/types\/product"}],"replies":[{"embeddable":true,"href":"https:\/\/www.laperlavalles.cat\/ca\/wp-json\/wp\/v2\/comments?post=62920"}],"wp:featuredmedia":[{"embeddable":true,"href":"https:\/\/www.laperlavalles.cat\/ca\/wp-json\/wp\/v2\/media\/158449"}],"wp:attachment":[{"href":"https:\/\/www.laperlavalles.cat\/ca\/wp-json\/wp\/v2\/media?parent=62920"}],"wp:term":[{"taxonomy":"product_cat","embeddable":true,"href":"https:\/\/www.laperlavalles.cat\/ca\/wp-json\/wp\/v2\/product_cat?post=62920"},{"taxonomy":"product_tag","embeddable":true,"href":"https:\/\/www.laperlavalles.cat\/ca\/wp-json\/wp\/v2\/product_tag?post=62920"}],"curies":[{"name":"wp","href":"https:\/\/api.w.org\/{rel}","templated":true}]}}