{"id":62960,"date":"2021-07-12T19:54:21","date_gmt":"2021-07-12T17:54:25","guid":{"rendered":"https:\/\/www.laperlavalles2.bcntic.com\/product\/paper-darros-bamboo-tree-22cm\/"},"modified":"2025-05-28T12:29:17","modified_gmt":"2025-05-28T10:29:17","slug":"paper-darros-bamboo-tree-22cm","status":"publish","type":"product","link":"https:\/\/www.laperlavalles.cat\/ca\/producte\/paper-darros-bamboo-tree-22cm\/","title":{"rendered":"PAPER D&#8217;ARR\u00d2S BAMBOO TREE 22CM"},"content":{"rendered":"<p>Paper d&#8217;arr\u00f2s Bamboo Tree. Paper d&#8217;arr\u00f2s format rod\u00f3 mida 22cm.<\/p>\n","protected":false},"excerpt":{"rendered":"<p>Paper d&#8217;arr\u00f2s Bamboo Tree. Paper d&#8217;arr\u00f2s format rod\u00f3 mida 22cm.<\/p>\n","protected":false},"featured_media":160870,"comment_status":"open","ping_status":"closed","template":"","meta":[],"product_cat":[8506,8411],"product_tag":[],"_links":{"self":[{"href":"https:\/\/www.laperlavalles.cat\/ca\/wp-json\/wp\/v2\/product\/62960"}],"collection":[{"href":"https:\/\/www.laperlavalles.cat\/ca\/wp-json\/wp\/v2\/product"}],"about":[{"href":"https:\/\/www.laperlavalles.cat\/ca\/wp-json\/wp\/v2\/types\/product"}],"replies":[{"embeddable":true,"href":"https:\/\/www.laperlavalles.cat\/ca\/wp-json\/wp\/v2\/comments?post=62960"}],"wp:featuredmedia":[{"embeddable":true,"href":"https:\/\/www.laperlavalles.cat\/ca\/wp-json\/wp\/v2\/media\/160870"}],"wp:attachment":[{"href":"https:\/\/www.laperlavalles.cat\/ca\/wp-json\/wp\/v2\/media?parent=62960"}],"wp:term":[{"taxonomy":"product_cat","embeddable":true,"href":"https:\/\/www.laperlavalles.cat\/ca\/wp-json\/wp\/v2\/product_cat?post=62960"},{"taxonomy":"product_tag","embeddable":true,"href":"https:\/\/www.laperlavalles.cat\/ca\/wp-json\/wp\/v2\/product_tag?post=62960"}],"curies":[{"name":"wp","href":"https:\/\/api.w.org\/{rel}","templated":true}]}}