{"id":63000,"date":"2021-07-12T19:55:01","date_gmt":"2021-07-12T17:55:05","guid":{"rendered":"https:\/\/www.laperlavalles2.bcntic.com\/product\/malta-guinness-ampolla-33cl\/"},"modified":"2023-06-23T07:50:40","modified_gmt":"2023-06-23T05:50:40","slug":"malta-guinness-ampolla-33cl","status":"publish","type":"product","link":"https:\/\/www.laperlavalles.cat\/ca\/producte\/malta-guinness-ampolla-33cl\/","title":{"rendered":"Malta Guinness ampolla 33cl"},"content":{"rendered":"<p>La beguda de malta Guinness \u00e9s la beguda de malta preferida a gran part d&#8217;\u00c0frica per\u00f2 particularment a Nig\u00e8ria per la seva bondat, energia i vitalitat.<br \/>\nLa beguda de malta Guinness no cont\u00e9 alcohol, de manera que \u00e9s ideal per totes les regions.<\/p>\n","protected":false},"excerpt":{"rendered":"<p>La beguda de malta Guinness \u00e9s la beguda de malta preferida a gran part d&#8217;\u00c0frica per\u00f2 particularment a Nig\u00e8ria per la seva bondat, energia i vitalitat.<span class=\"excerpt-hellip\"> [\u2026]<\/span><\/p>\n","protected":false},"featured_media":156558,"comment_status":"open","ping_status":"closed","template":"","meta":[],"product_cat":[8405,8507],"product_tag":[],"_links":{"self":[{"href":"https:\/\/www.laperlavalles.cat\/ca\/wp-json\/wp\/v2\/product\/63000"}],"collection":[{"href":"https:\/\/www.laperlavalles.cat\/ca\/wp-json\/wp\/v2\/product"}],"about":[{"href":"https:\/\/www.laperlavalles.cat\/ca\/wp-json\/wp\/v2\/types\/product"}],"replies":[{"embeddable":true,"href":"https:\/\/www.laperlavalles.cat\/ca\/wp-json\/wp\/v2\/comments?post=63000"}],"wp:featuredmedia":[{"embeddable":true,"href":"https:\/\/www.laperlavalles.cat\/ca\/wp-json\/wp\/v2\/media\/156558"}],"wp:attachment":[{"href":"https:\/\/www.laperlavalles.cat\/ca\/wp-json\/wp\/v2\/media?parent=63000"}],"wp:term":[{"taxonomy":"product_cat","embeddable":true,"href":"https:\/\/www.laperlavalles.cat\/ca\/wp-json\/wp\/v2\/product_cat?post=63000"},{"taxonomy":"product_tag","embeddable":true,"href":"https:\/\/www.laperlavalles.cat\/ca\/wp-json\/wp\/v2\/product_tag?post=63000"}],"curies":[{"name":"wp","href":"https:\/\/api.w.org\/{rel}","templated":true}]}}