{"id":63060,"date":"2021-07-12T19:56:08","date_gmt":"2021-07-12T17:56:12","guid":{"rendered":"https:\/\/www.laperlavalles2.bcntic.com\/product\/malta-power-malt-ampolla-33cl\/"},"modified":"2023-06-23T07:51:48","modified_gmt":"2023-06-23T05:51:48","slug":"malta-power-malt-ampolla-33cl","status":"publish","type":"product","link":"https:\/\/www.laperlavalles.cat\/ca\/producte\/malta-power-malt-ampolla-33cl\/","title":{"rendered":"Malta Power Malt ampolla 33cl"},"content":{"rendered":"<p>La beguda de malta Power Malt \u00e9s una beguda dol\u00e7a, fosca i nutritiva elaborada nom\u00e9s amb els millors ingredients.<br \/>\nPower Malt no cont\u00e9 alcohol, de manera que \u00e9s ideal a totes les regions.<\/p>\n","protected":false},"excerpt":{"rendered":"<p>La beguda de malta Power Malt \u00e9s una beguda dol\u00e7a, fosca i nutritiva elaborada nom\u00e9s amb els millors ingredients. Power Malt no cont\u00e9 alcohol, de manera<span class=\"excerpt-hellip\"> [\u2026]<\/span><\/p>\n","protected":false},"featured_media":156606,"comment_status":"open","ping_status":"closed","template":"","meta":[],"product_cat":[8405,8507],"product_tag":[],"_links":{"self":[{"href":"https:\/\/www.laperlavalles.cat\/ca\/wp-json\/wp\/v2\/product\/63060"}],"collection":[{"href":"https:\/\/www.laperlavalles.cat\/ca\/wp-json\/wp\/v2\/product"}],"about":[{"href":"https:\/\/www.laperlavalles.cat\/ca\/wp-json\/wp\/v2\/types\/product"}],"replies":[{"embeddable":true,"href":"https:\/\/www.laperlavalles.cat\/ca\/wp-json\/wp\/v2\/comments?post=63060"}],"wp:featuredmedia":[{"embeddable":true,"href":"https:\/\/www.laperlavalles.cat\/ca\/wp-json\/wp\/v2\/media\/156606"}],"wp:attachment":[{"href":"https:\/\/www.laperlavalles.cat\/ca\/wp-json\/wp\/v2\/media?parent=63060"}],"wp:term":[{"taxonomy":"product_cat","embeddable":true,"href":"https:\/\/www.laperlavalles.cat\/ca\/wp-json\/wp\/v2\/product_cat?post=63060"},{"taxonomy":"product_tag","embeddable":true,"href":"https:\/\/www.laperlavalles.cat\/ca\/wp-json\/wp\/v2\/product_tag?post=63060"}],"curies":[{"name":"wp","href":"https:\/\/api.w.org\/{rel}","templated":true}]}}