{"id":63140,"date":"2021-07-12T19:57:38","date_gmt":"2021-07-12T17:57:42","guid":{"rendered":"https:\/\/www.laperlavalles2.bcntic.com\/product\/malta-maltex-llauna-33cl\/"},"modified":"2024-07-02T18:19:27","modified_gmt":"2024-07-02T16:19:27","slug":"malta-maltex-llauna-33cl","status":"publish","type":"product","link":"https:\/\/www.laperlavalles.cat\/ca\/producte\/malta-maltex-llauna-33cl\/","title":{"rendered":"Malta Maltex llauna 33cl"},"content":{"rendered":"<p>La beguda de malta Maltex \u00e9s una beguda dol\u00e7a, fosca i nutritiva elaborada nom\u00e9s amb els millors ingredients.<br \/>\nMaltex no cont\u00e9 alcohol, per la qual cosa \u00e9s ideal en totes les regions. <\/p>\n","protected":false},"excerpt":{"rendered":"<p>La beguda de malta Maltex \u00e9s una beguda dol\u00e7a, fosca i nutritiva elaborada nom\u00e9s amb els millors ingredients. Maltex no cont\u00e9 alcohol, per la qual cosa<span class=\"excerpt-hellip\"> [\u2026]<\/span><\/p>\n","protected":false},"featured_media":164822,"comment_status":"open","ping_status":"closed","template":"","meta":[],"product_cat":[10617],"product_tag":[],"_links":{"self":[{"href":"https:\/\/www.laperlavalles.cat\/ca\/wp-json\/wp\/v2\/product\/63140"}],"collection":[{"href":"https:\/\/www.laperlavalles.cat\/ca\/wp-json\/wp\/v2\/product"}],"about":[{"href":"https:\/\/www.laperlavalles.cat\/ca\/wp-json\/wp\/v2\/types\/product"}],"replies":[{"embeddable":true,"href":"https:\/\/www.laperlavalles.cat\/ca\/wp-json\/wp\/v2\/comments?post=63140"}],"wp:featuredmedia":[{"embeddable":true,"href":"https:\/\/www.laperlavalles.cat\/ca\/wp-json\/wp\/v2\/media\/164822"}],"wp:attachment":[{"href":"https:\/\/www.laperlavalles.cat\/ca\/wp-json\/wp\/v2\/media?parent=63140"}],"wp:term":[{"taxonomy":"product_cat","embeddable":true,"href":"https:\/\/www.laperlavalles.cat\/ca\/wp-json\/wp\/v2\/product_cat?post=63140"},{"taxonomy":"product_tag","embeddable":true,"href":"https:\/\/www.laperlavalles.cat\/ca\/wp-json\/wp\/v2\/product_tag?post=63140"}],"curies":[{"name":"wp","href":"https:\/\/api.w.org\/{rel}","templated":true}]}}