{"id":63160,"date":"2021-07-12T19:58:01","date_gmt":"2021-07-12T17:58:05","guid":{"rendered":"https:\/\/www.laperlavalles2.bcntic.com\/product\/malta-maltex-ampolla-33cl\/"},"modified":"2024-07-02T18:29:25","modified_gmt":"2024-07-02T16:29:25","slug":"malta-maltex-ampolla-33cl","status":"publish","type":"product","link":"https:\/\/www.laperlavalles.cat\/ca\/producte\/malta-maltex-ampolla-33cl\/","title":{"rendered":"Malta Maltex ampolla 33cl"},"content":{"rendered":"<p>La beguda de malta Maltex \u00e9s una beguda dol\u00e7a, fosca i nutritiva elaborada nom\u00e9s amb els millors ingredients.<br \/>\nMaltex no cont\u00e9 alcohol, per la qual cosa \u00e9s ideal en totes les regions. <\/p>\n","protected":false},"excerpt":{"rendered":"<p>La beguda de malta Maltex \u00e9s una beguda dol\u00e7a, fosca i nutritiva elaborada nom\u00e9s amb els millors ingredients. Maltex no cont\u00e9 alcohol, per la qual cosa<span class=\"excerpt-hellip\"> [\u2026]<\/span><\/p>\n","protected":false},"featured_media":164838,"comment_status":"open","ping_status":"closed","template":"","meta":[],"product_cat":[10617],"product_tag":[],"_links":{"self":[{"href":"https:\/\/www.laperlavalles.cat\/ca\/wp-json\/wp\/v2\/product\/63160"}],"collection":[{"href":"https:\/\/www.laperlavalles.cat\/ca\/wp-json\/wp\/v2\/product"}],"about":[{"href":"https:\/\/www.laperlavalles.cat\/ca\/wp-json\/wp\/v2\/types\/product"}],"replies":[{"embeddable":true,"href":"https:\/\/www.laperlavalles.cat\/ca\/wp-json\/wp\/v2\/comments?post=63160"}],"wp:featuredmedia":[{"embeddable":true,"href":"https:\/\/www.laperlavalles.cat\/ca\/wp-json\/wp\/v2\/media\/164838"}],"wp:attachment":[{"href":"https:\/\/www.laperlavalles.cat\/ca\/wp-json\/wp\/v2\/media?parent=63160"}],"wp:term":[{"taxonomy":"product_cat","embeddable":true,"href":"https:\/\/www.laperlavalles.cat\/ca\/wp-json\/wp\/v2\/product_cat?post=63160"},{"taxonomy":"product_tag","embeddable":true,"href":"https:\/\/www.laperlavalles.cat\/ca\/wp-json\/wp\/v2\/product_tag?post=63160"}],"curies":[{"name":"wp","href":"https:\/\/api.w.org\/{rel}","templated":true}]}}