{"id":63360,"date":"2021-07-12T20:01:47","date_gmt":"2021-07-12T18:01:51","guid":{"rendered":"https:\/\/www.laperlavalles2.bcntic.com\/product\/cuscus-bia-mitja-5kg\/"},"modified":"2023-06-23T11:36:36","modified_gmt":"2023-06-23T09:36:36","slug":"cuscus-bia-mitja-5kg","status":"publish","type":"product","link":"https:\/\/www.laperlavalles.cat\/ca\/producte\/cuscus-bia-mitja-5kg\/","title":{"rendered":"CUSC\u00daS BIA MITJ\u00c0 5KG"},"content":{"rendered":"<p>Cusc\u00fas de blat mitj\u00e0.<\/p>\n","protected":false},"excerpt":{"rendered":"<p>Cusc\u00fas de blat mitj\u00e0.<\/p>\n","protected":false},"featured_media":166758,"comment_status":"open","ping_status":"closed","template":"","meta":[],"product_cat":[8508,8418],"product_tag":[],"_links":{"self":[{"href":"https:\/\/www.laperlavalles.cat\/ca\/wp-json\/wp\/v2\/product\/63360"}],"collection":[{"href":"https:\/\/www.laperlavalles.cat\/ca\/wp-json\/wp\/v2\/product"}],"about":[{"href":"https:\/\/www.laperlavalles.cat\/ca\/wp-json\/wp\/v2\/types\/product"}],"replies":[{"embeddable":true,"href":"https:\/\/www.laperlavalles.cat\/ca\/wp-json\/wp\/v2\/comments?post=63360"}],"wp:featuredmedia":[{"embeddable":true,"href":"https:\/\/www.laperlavalles.cat\/ca\/wp-json\/wp\/v2\/media\/166758"}],"wp:attachment":[{"href":"https:\/\/www.laperlavalles.cat\/ca\/wp-json\/wp\/v2\/media?parent=63360"}],"wp:term":[{"taxonomy":"product_cat","embeddable":true,"href":"https:\/\/www.laperlavalles.cat\/ca\/wp-json\/wp\/v2\/product_cat?post=63360"},{"taxonomy":"product_tag","embeddable":true,"href":"https:\/\/www.laperlavalles.cat\/ca\/wp-json\/wp\/v2\/product_tag?post=63360"}],"curies":[{"name":"wp","href":"https:\/\/api.w.org\/{rel}","templated":true}]}}