{"id":63400,"date":"2021-07-12T20:02:31","date_gmt":"2021-07-12T18:02:35","guid":{"rendered":"https:\/\/www.laperlavalles2.bcntic.com\/product\/cuscus-bacchini-mitja-1kg\/"},"modified":"2025-08-26T12:21:06","modified_gmt":"2025-08-26T10:21:06","slug":"cuscus-bacchini-mitja-1kg","status":"publish","type":"product","link":"https:\/\/www.laperlavalles.cat\/ca\/producte\/cuscus-bacchini-mitja-1kg\/","title":{"rendered":"CUSC\u00daS BACCHINI MITJ\u00c0 1KG"},"content":{"rendered":"<p>Cusc\u00fas de blat mitj\u00e0.<\/p>\n","protected":false},"excerpt":{"rendered":"<p>Cusc\u00fas de blat mitj\u00e0.<\/p>\n","protected":false},"featured_media":166774,"comment_status":"open","ping_status":"closed","template":"","meta":[],"product_cat":[8508,8418],"product_tag":[],"_links":{"self":[{"href":"https:\/\/www.laperlavalles.cat\/ca\/wp-json\/wp\/v2\/product\/63400"}],"collection":[{"href":"https:\/\/www.laperlavalles.cat\/ca\/wp-json\/wp\/v2\/product"}],"about":[{"href":"https:\/\/www.laperlavalles.cat\/ca\/wp-json\/wp\/v2\/types\/product"}],"replies":[{"embeddable":true,"href":"https:\/\/www.laperlavalles.cat\/ca\/wp-json\/wp\/v2\/comments?post=63400"}],"wp:featuredmedia":[{"embeddable":true,"href":"https:\/\/www.laperlavalles.cat\/ca\/wp-json\/wp\/v2\/media\/166774"}],"wp:attachment":[{"href":"https:\/\/www.laperlavalles.cat\/ca\/wp-json\/wp\/v2\/media?parent=63400"}],"wp:term":[{"taxonomy":"product_cat","embeddable":true,"href":"https:\/\/www.laperlavalles.cat\/ca\/wp-json\/wp\/v2\/product_cat?post=63400"},{"taxonomy":"product_tag","embeddable":true,"href":"https:\/\/www.laperlavalles.cat\/ca\/wp-json\/wp\/v2\/product_tag?post=63400"}],"curies":[{"name":"wp","href":"https:\/\/api.w.org\/{rel}","templated":true}]}}