{"id":64040,"date":"2021-07-12T20:12:51","date_gmt":"2021-07-12T18:12:55","guid":{"rendered":"https:\/\/www.laperlavalles2.bcntic.com\/product\/llet-en-pols-nestle-nido-400gr\/"},"modified":"2023-06-23T08:06:38","modified_gmt":"2023-06-23T06:06:38","slug":"llet-en-pols-nestle-nido-400gr","status":"publish","type":"product","link":"https:\/\/www.laperlavalles.cat\/ca\/producte\/llet-en-pols-nestle-nido-400gr\/","title":{"rendered":"LLET EN POLS NESTL\u00c9 NIDO 400GR"},"content":{"rendered":"<p>La llet en pols Nestl\u00e9 Nido \u00e9s una llet sencera en pols.<\/p>\n","protected":false},"excerpt":{"rendered":"<p>La llet en pols Nestl\u00e9 Nido \u00e9s una llet sencera en pols.<\/p>\n","protected":false},"featured_media":157278,"comment_status":"open","ping_status":"closed","template":"","meta":[],"product_cat":[8406,8509],"product_tag":[],"_links":{"self":[{"href":"https:\/\/www.laperlavalles.cat\/ca\/wp-json\/wp\/v2\/product\/64040"}],"collection":[{"href":"https:\/\/www.laperlavalles.cat\/ca\/wp-json\/wp\/v2\/product"}],"about":[{"href":"https:\/\/www.laperlavalles.cat\/ca\/wp-json\/wp\/v2\/types\/product"}],"replies":[{"embeddable":true,"href":"https:\/\/www.laperlavalles.cat\/ca\/wp-json\/wp\/v2\/comments?post=64040"}],"wp:featuredmedia":[{"embeddable":true,"href":"https:\/\/www.laperlavalles.cat\/ca\/wp-json\/wp\/v2\/media\/157278"}],"wp:attachment":[{"href":"https:\/\/www.laperlavalles.cat\/ca\/wp-json\/wp\/v2\/media?parent=64040"}],"wp:term":[{"taxonomy":"product_cat","embeddable":true,"href":"https:\/\/www.laperlavalles.cat\/ca\/wp-json\/wp\/v2\/product_cat?post=64040"},{"taxonomy":"product_tag","embeddable":true,"href":"https:\/\/www.laperlavalles.cat\/ca\/wp-json\/wp\/v2\/product_tag?post=64040"}],"curies":[{"name":"wp","href":"https:\/\/api.w.org\/{rel}","templated":true}]}}