{"id":64280,"date":"2021-07-12T20:16:58","date_gmt":"2021-07-12T18:17:03","guid":{"rendered":"https:\/\/www.laperlavalles2.bcntic.com\/product\/sucre-de-coco-the-elements-20kg\/"},"modified":"2023-06-23T10:15:42","modified_gmt":"2023-06-23T08:15:42","slug":"sucre-de-coco-the-elements-20kg","status":"publish","type":"product","link":"https:\/\/www.laperlavalles.cat\/ca\/producte\/sucre-de-coco-the-elements-20kg\/","title":{"rendered":"SUCRE DE COCO THE ELEMENTS 20KG"},"content":{"rendered":"<p>El sucre de coco The Elements \u00e9s un sucre natural no refinat i de gra irregular que s&#8217;obt\u00e9 a l&#8217;extreure la s\u00e0via de la flor de l&#8217;coco i evaporar l&#8217;aigua sobrant. Un sucre natural de gra irregular i fosc. El sucre de coco ret\u00e9 els nutrients de la flor i s&#8217;obt\u00e9 un endolcidor amb calories plenes, \u00e9s a dir, a part d&#8217;endolcir, aporta els nutrients existents a la s\u00e0via de l&#8217;coco. \u00c9s una alternativa saludable a altres sucres com el de canya, el sucre blanc o a la mel.<\/p>\n","protected":false},"excerpt":{"rendered":"<p>El sucre de coco The Elements \u00e9s un sucre natural no refinat i de gra irregular que s&#8217;obt\u00e9 a l&#8217;extreure la s\u00e0via de la flor de<span class=\"excerpt-hellip\"> [\u2026]<\/span><\/p>\n","protected":false},"featured_media":163110,"comment_status":"open","ping_status":"closed","template":"","meta":[],"product_cat":[8406,8509],"product_tag":[],"_links":{"self":[{"href":"https:\/\/www.laperlavalles.cat\/ca\/wp-json\/wp\/v2\/product\/64280"}],"collection":[{"href":"https:\/\/www.laperlavalles.cat\/ca\/wp-json\/wp\/v2\/product"}],"about":[{"href":"https:\/\/www.laperlavalles.cat\/ca\/wp-json\/wp\/v2\/types\/product"}],"replies":[{"embeddable":true,"href":"https:\/\/www.laperlavalles.cat\/ca\/wp-json\/wp\/v2\/comments?post=64280"}],"wp:featuredmedia":[{"embeddable":true,"href":"https:\/\/www.laperlavalles.cat\/ca\/wp-json\/wp\/v2\/media\/163110"}],"wp:attachment":[{"href":"https:\/\/www.laperlavalles.cat\/ca\/wp-json\/wp\/v2\/media?parent=64280"}],"wp:term":[{"taxonomy":"product_cat","embeddable":true,"href":"https:\/\/www.laperlavalles.cat\/ca\/wp-json\/wp\/v2\/product_cat?post=64280"},{"taxonomy":"product_tag","embeddable":true,"href":"https:\/\/www.laperlavalles.cat\/ca\/wp-json\/wp\/v2\/product_tag?post=64280"}],"curies":[{"name":"wp","href":"https:\/\/api.w.org\/{rel}","templated":true}]}}