{"id":64420,"date":"2021-07-12T20:19:37","date_gmt":"2021-07-12T18:19:41","guid":{"rendered":"https:\/\/www.laperlavalles2.bcntic.com\/product\/flips-de-xocolata\/"},"modified":"2023-06-23T13:03:52","modified_gmt":"2023-06-23T11:03:52","slug":"flips-de-xocolata","status":"publish","type":"product","link":"https:\/\/www.laperlavalles.cat\/ca\/producte\/flips-de-xocolata\/","title":{"rendered":"FLIPS DE XOCOLATA"},"content":{"rendered":"<p>Els Flips s\u00f3n cereals farcits de xocolata. Els cereals Flips estan elaborats a base d&#8217;arr\u00f2s, blat i civada. S\u00f3n t\u00edpics de Col\u00f2mbia i Vene\u00e7uela.<\/p>\n","protected":false},"excerpt":{"rendered":"<p>Els Flips s\u00f3n cereals farcits de xocolata. Els cereals Flips estan elaborats a base d&#8217;arr\u00f2s, blat i civada. S\u00f3n t\u00edpics de Col\u00f2mbia i Vene\u00e7uela.<\/p>\n","protected":false},"featured_media":170694,"comment_status":"open","ping_status":"closed","template":"","meta":[],"product_cat":[10617],"product_tag":[],"_links":{"self":[{"href":"https:\/\/www.laperlavalles.cat\/ca\/wp-json\/wp\/v2\/product\/64420"}],"collection":[{"href":"https:\/\/www.laperlavalles.cat\/ca\/wp-json\/wp\/v2\/product"}],"about":[{"href":"https:\/\/www.laperlavalles.cat\/ca\/wp-json\/wp\/v2\/types\/product"}],"replies":[{"embeddable":true,"href":"https:\/\/www.laperlavalles.cat\/ca\/wp-json\/wp\/v2\/comments?post=64420"}],"wp:featuredmedia":[{"embeddable":true,"href":"https:\/\/www.laperlavalles.cat\/ca\/wp-json\/wp\/v2\/media\/170694"}],"wp:attachment":[{"href":"https:\/\/www.laperlavalles.cat\/ca\/wp-json\/wp\/v2\/media?parent=64420"}],"wp:term":[{"taxonomy":"product_cat","embeddable":true,"href":"https:\/\/www.laperlavalles.cat\/ca\/wp-json\/wp\/v2\/product_cat?post=64420"},{"taxonomy":"product_tag","embeddable":true,"href":"https:\/\/www.laperlavalles.cat\/ca\/wp-json\/wp\/v2\/product_tag?post=64420"}],"curies":[{"name":"wp","href":"https:\/\/api.w.org\/{rel}","templated":true}]}}