{"id":64440,"date":"2021-07-12T20:19:59","date_gmt":"2021-07-12T18:20:03","guid":{"rendered":"https:\/\/www.laperlavalles2.bcntic.com\/product\/flips-de-dolc-de-llet\/"},"modified":"2023-06-23T13:04:14","modified_gmt":"2023-06-23T11:04:14","slug":"flips-de-dolc-de-llet","status":"publish","type":"product","link":"https:\/\/www.laperlavalles.cat\/ca\/producte\/flips-de-dolc-de-llet\/","title":{"rendered":"FLIPS DE DOL\u00c7 DE LLET"},"content":{"rendered":"<p>Els Flips s\u00f3n cereals farcits de dol\u00e7 de llet. Els cereals Flips estan elaborats a base d&#8217;arr\u00f2s, blat i civada. S\u00f3n t\u00edpics de Col\u00f2mbia i Vene\u00e7uela.<\/p>\n","protected":false},"excerpt":{"rendered":"<p>Els Flips s\u00f3n cereals farcits de dol\u00e7 de llet. Els cereals Flips estan elaborats a base d&#8217;arr\u00f2s, blat i civada. S\u00f3n t\u00edpics de Col\u00f2mbia i Vene\u00e7uela.<\/p>\n","protected":false},"featured_media":170710,"comment_status":"open","ping_status":"closed","template":"","meta":[],"product_cat":[10617],"product_tag":[],"_links":{"self":[{"href":"https:\/\/www.laperlavalles.cat\/ca\/wp-json\/wp\/v2\/product\/64440"}],"collection":[{"href":"https:\/\/www.laperlavalles.cat\/ca\/wp-json\/wp\/v2\/product"}],"about":[{"href":"https:\/\/www.laperlavalles.cat\/ca\/wp-json\/wp\/v2\/types\/product"}],"replies":[{"embeddable":true,"href":"https:\/\/www.laperlavalles.cat\/ca\/wp-json\/wp\/v2\/comments?post=64440"}],"wp:featuredmedia":[{"embeddable":true,"href":"https:\/\/www.laperlavalles.cat\/ca\/wp-json\/wp\/v2\/media\/170710"}],"wp:attachment":[{"href":"https:\/\/www.laperlavalles.cat\/ca\/wp-json\/wp\/v2\/media?parent=64440"}],"wp:term":[{"taxonomy":"product_cat","embeddable":true,"href":"https:\/\/www.laperlavalles.cat\/ca\/wp-json\/wp\/v2\/product_cat?post=64440"},{"taxonomy":"product_tag","embeddable":true,"href":"https:\/\/www.laperlavalles.cat\/ca\/wp-json\/wp\/v2\/product_tag?post=64440"}],"curies":[{"name":"wp","href":"https:\/\/api.w.org\/{rel}","templated":true}]}}