{"id":64560,"date":"2021-07-12T20:22:13","date_gmt":"2021-07-12T18:22:17","guid":{"rendered":"https:\/\/www.laperlavalles2.bcntic.com\/product\/aigua-de-flor-de-taronger-samra\/"},"modified":"2022-06-24T15:29:55","modified_gmt":"2022-06-24T13:29:55","slug":"aigua-de-flor-de-taronger-samra-2","status":"publish","type":"product","link":"https:\/\/www.laperlavalles.cat\/ca\/producte\/aigua-de-flor-de-taronger-samra-2\/","title":{"rendered":"AIGUA DE FLOR DE TARONGER SAMRA"},"content":{"rendered":"<p>L&#8217;aigua de flor de taronger \u00e9s un ingredient t\u00edpic de la pastisseria \u00e0rab i s&#8217;utilitza per aromatitzar dol\u00e7os i begudes. L&#8217;aigua de tarongina Samra \u00e9s ideal per a distribu\u00efdors de pastisseria, rebosteria o cocteleria.<\/p>\n","protected":false},"excerpt":{"rendered":"<p>L&#8217;aigua de flor de taronger \u00e9s un ingredient t\u00edpic de la pastisseria \u00e0rab i s&#8217;utilitza per aromatitzar dol\u00e7os i begudes. L&#8217;aigua de tarongina Samra \u00e9s ideal<span class=\"excerpt-hellip\"> [\u2026]<\/span><\/p>\n","protected":false},"featured_media":64552,"comment_status":"open","ping_status":"closed","template":"","meta":[],"product_cat":[8406,8510],"product_tag":[],"_links":{"self":[{"href":"https:\/\/www.laperlavalles.cat\/ca\/wp-json\/wp\/v2\/product\/64560"}],"collection":[{"href":"https:\/\/www.laperlavalles.cat\/ca\/wp-json\/wp\/v2\/product"}],"about":[{"href":"https:\/\/www.laperlavalles.cat\/ca\/wp-json\/wp\/v2\/types\/product"}],"replies":[{"embeddable":true,"href":"https:\/\/www.laperlavalles.cat\/ca\/wp-json\/wp\/v2\/comments?post=64560"}],"wp:featuredmedia":[{"embeddable":true,"href":"https:\/\/www.laperlavalles.cat\/ca\/wp-json\/wp\/v2\/media\/64552"}],"wp:attachment":[{"href":"https:\/\/www.laperlavalles.cat\/ca\/wp-json\/wp\/v2\/media?parent=64560"}],"wp:term":[{"taxonomy":"product_cat","embeddable":true,"href":"https:\/\/www.laperlavalles.cat\/ca\/wp-json\/wp\/v2\/product_cat?post=64560"},{"taxonomy":"product_tag","embeddable":true,"href":"https:\/\/www.laperlavalles.cat\/ca\/wp-json\/wp\/v2\/product_tag?post=64560"}],"curies":[{"name":"wp","href":"https:\/\/api.w.org\/{rel}","templated":true}]}}