{"id":64580,"date":"2021-07-12T20:22:35","date_gmt":"2021-07-12T18:22:39","guid":{"rendered":"https:\/\/www.laperlavalles2.bcntic.com\/product\/aigua-de-roses-samra\/"},"modified":"2025-06-11T11:29:12","modified_gmt":"2025-06-11T09:29:12","slug":"aigua-de-roses-samra","status":"publish","type":"product","link":"https:\/\/www.laperlavalles.cat\/ca\/producte\/aigua-de-roses-samra\/","title":{"rendered":"AIGUA DE ROSES SAMRA 500ML"},"content":{"rendered":"<p>Aigua de roses Samra d\u2019alta qualitat, ideal per aromatitzar postres, begudes i plats orientals amb un delicat toc floral. Obtinguda per destil\u00b7laci\u00f3 de p\u00e8tals de rosa, aporta aroma i sabor refinat a receptes com baklavas, gelats, arrossos, c\u00f2ctels o tes. Tamb\u00e9 s\u2019utilitza en cosm\u00e8tica natural i per refrescar la pell. Sense gluten, amb ingredients senzills (aigua i aroma), i en format gran de 500 ml, perfecta per a \u00fas dom\u00e8stic o professional.<\/p>\n","protected":false},"excerpt":{"rendered":"<p>Aigua de roses Samra d\u2019alta qualitat, ideal per aromatitzar postres, begudes i plats orientals amb un delicat toc floral. Obtinguda per destil\u00b7laci\u00f3 de p\u00e8tals de rosa,<span class=\"excerpt-hellip\"> [\u2026]<\/span><\/p>\n","protected":false},"featured_media":165505,"comment_status":"open","ping_status":"closed","template":"","meta":[],"product_cat":[8406,8510],"product_tag":[],"_links":{"self":[{"href":"https:\/\/www.laperlavalles.cat\/ca\/wp-json\/wp\/v2\/product\/64580"}],"collection":[{"href":"https:\/\/www.laperlavalles.cat\/ca\/wp-json\/wp\/v2\/product"}],"about":[{"href":"https:\/\/www.laperlavalles.cat\/ca\/wp-json\/wp\/v2\/types\/product"}],"replies":[{"embeddable":true,"href":"https:\/\/www.laperlavalles.cat\/ca\/wp-json\/wp\/v2\/comments?post=64580"}],"wp:featuredmedia":[{"embeddable":true,"href":"https:\/\/www.laperlavalles.cat\/ca\/wp-json\/wp\/v2\/media\/165505"}],"wp:attachment":[{"href":"https:\/\/www.laperlavalles.cat\/ca\/wp-json\/wp\/v2\/media?parent=64580"}],"wp:term":[{"taxonomy":"product_cat","embeddable":true,"href":"https:\/\/www.laperlavalles.cat\/ca\/wp-json\/wp\/v2\/product_cat?post=64580"},{"taxonomy":"product_tag","embeddable":true,"href":"https:\/\/www.laperlavalles.cat\/ca\/wp-json\/wp\/v2\/product_tag?post=64580"}],"curies":[{"name":"wp","href":"https:\/\/api.w.org\/{rel}","templated":true}]}}