{"id":64600,"date":"2021-07-12T20:22:57","date_gmt":"2021-07-12T18:23:01","guid":{"rendered":"https:\/\/www.laperlavalles2.bcntic.com\/product\/aigua-de-flor-de-taronger-samra\/"},"modified":"2025-06-11T11:39:26","modified_gmt":"2025-06-11T09:39:26","slug":"aigua-de-flor-de-taronger-samra","status":"publish","type":"product","link":"https:\/\/www.laperlavalles.cat\/ca\/producte\/aigua-de-flor-de-taronger-samra\/","title":{"rendered":"AIGUA DE FLOR DE TARONGER SAMRA 500ML"},"content":{"rendered":"<p>Aigua de flor de taronger Samra d\u2019alta qualitat, obtinguda per destil\u00b7laci\u00f3 de flors de taronger amarg. S\u2019utilitza principalment per aromatitzar dol\u00e7os, pastissos i postres tradicionals, aportant un delicat toc floral i fresc. Tamb\u00e9 \u00e9s habitual en la rebosteria mediterr\u00e0nia i oriental, aix\u00ed com en begudes i c\u00f2ctels. Sense gluten, amb ingredients senzills (aigua i aroma), i presentada en ampolla de 500 ml, ideal per a \u00fas dom\u00e8stic o professional<\/p>\n","protected":false},"excerpt":{"rendered":"<p>Aigua de flor de taronger Samra d\u2019alta qualitat, obtinguda per destil\u00b7laci\u00f3 de flors de taronger amarg. S\u2019utilitza principalment per aromatitzar dol\u00e7os, pastissos i postres tradicionals, aportant<span class=\"excerpt-hellip\"> [\u2026]<\/span><\/p>\n","protected":false},"featured_media":165521,"comment_status":"open","ping_status":"closed","template":"","meta":[],"product_cat":[8406,8510],"product_tag":[],"_links":{"self":[{"href":"https:\/\/www.laperlavalles.cat\/ca\/wp-json\/wp\/v2\/product\/64600"}],"collection":[{"href":"https:\/\/www.laperlavalles.cat\/ca\/wp-json\/wp\/v2\/product"}],"about":[{"href":"https:\/\/www.laperlavalles.cat\/ca\/wp-json\/wp\/v2\/types\/product"}],"replies":[{"embeddable":true,"href":"https:\/\/www.laperlavalles.cat\/ca\/wp-json\/wp\/v2\/comments?post=64600"}],"wp:featuredmedia":[{"embeddable":true,"href":"https:\/\/www.laperlavalles.cat\/ca\/wp-json\/wp\/v2\/media\/165521"}],"wp:attachment":[{"href":"https:\/\/www.laperlavalles.cat\/ca\/wp-json\/wp\/v2\/media?parent=64600"}],"wp:term":[{"taxonomy":"product_cat","embeddable":true,"href":"https:\/\/www.laperlavalles.cat\/ca\/wp-json\/wp\/v2\/product_cat?post=64600"},{"taxonomy":"product_tag","embeddable":true,"href":"https:\/\/www.laperlavalles.cat\/ca\/wp-json\/wp\/v2\/product_tag?post=64600"}],"curies":[{"name":"wp","href":"https:\/\/api.w.org\/{rel}","templated":true}]}}