{"id":64720,"date":"2021-07-12T20:24:46","date_gmt":"2021-07-12T18:24:50","guid":{"rendered":"https:\/\/www.laperlavalles2.bcntic.com\/product\/essencia-foster-clark-coco\/"},"modified":"2023-06-23T09:39:15","modified_gmt":"2023-06-23T07:39:15","slug":"essencia-foster-clark-coco","status":"publish","type":"product","link":"https:\/\/www.laperlavalles.cat\/ca\/producte\/essencia-foster-clark-coco\/","title":{"rendered":"ESS\u00c8NCIA FOSTER CLARK COCO"},"content":{"rendered":"<p>Ess\u00e8ncia culin\u00e0ria de gustos variats Foster Clark&#8217;s. Si distribueixes productes culinaris per a rebosteria o cocteleria contacta amb nosaltres.<\/p>\n","protected":false},"excerpt":{"rendered":"<p>Ess\u00e8ncia culin\u00e0ria de gustos variats Foster Clark&#8217;s. Si distribueixes productes culinaris per a rebosteria o cocteleria contacta amb nosaltres.<\/p>\n","protected":false},"featured_media":161489,"comment_status":"open","ping_status":"closed","template":"","meta":[],"product_cat":[8406,8510],"product_tag":[],"_links":{"self":[{"href":"https:\/\/www.laperlavalles.cat\/ca\/wp-json\/wp\/v2\/product\/64720"}],"collection":[{"href":"https:\/\/www.laperlavalles.cat\/ca\/wp-json\/wp\/v2\/product"}],"about":[{"href":"https:\/\/www.laperlavalles.cat\/ca\/wp-json\/wp\/v2\/types\/product"}],"replies":[{"embeddable":true,"href":"https:\/\/www.laperlavalles.cat\/ca\/wp-json\/wp\/v2\/comments?post=64720"}],"wp:featuredmedia":[{"embeddable":true,"href":"https:\/\/www.laperlavalles.cat\/ca\/wp-json\/wp\/v2\/media\/161489"}],"wp:attachment":[{"href":"https:\/\/www.laperlavalles.cat\/ca\/wp-json\/wp\/v2\/media?parent=64720"}],"wp:term":[{"taxonomy":"product_cat","embeddable":true,"href":"https:\/\/www.laperlavalles.cat\/ca\/wp-json\/wp\/v2\/product_cat?post=64720"},{"taxonomy":"product_tag","embeddable":true,"href":"https:\/\/www.laperlavalles.cat\/ca\/wp-json\/wp\/v2\/product_tag?post=64720"}],"curies":[{"name":"wp","href":"https:\/\/api.w.org\/{rel}","templated":true}]}}