{"id":64900,"date":"2021-07-12T20:27:43","date_gmt":"2021-07-12T18:27:47","guid":{"rendered":"https:\/\/www.laperlavalles2.bcntic.com\/product\/pirulin-300g-2\/"},"modified":"2023-06-23T13:04:35","modified_gmt":"2023-06-23T11:04:35","slug":"pirulin-300g-2","status":"publish","type":"product","link":"https:\/\/www.laperlavalles.cat\/ca\/producte\/pirulin-300g-2\/","title":{"rendered":"PIRULIN 300G"},"content":{"rendered":"<p>Les Pirul\u00edn s\u00f3n uns neules farcides de xocolata i avellanes t\u00edpiques de Col\u00f2mbia i Vene\u00e7uela.<\/p>\n","protected":false},"excerpt":{"rendered":"<p>Les Pirul\u00edn s\u00f3n uns neules farcides de xocolata i avellanes t\u00edpiques de Col\u00f2mbia i Vene\u00e7uela.<\/p>\n","protected":false},"featured_media":170726,"comment_status":"open","ping_status":"closed","template":"","meta":[],"product_cat":[10617],"product_tag":[],"_links":{"self":[{"href":"https:\/\/www.laperlavalles.cat\/ca\/wp-json\/wp\/v2\/product\/64900"}],"collection":[{"href":"https:\/\/www.laperlavalles.cat\/ca\/wp-json\/wp\/v2\/product"}],"about":[{"href":"https:\/\/www.laperlavalles.cat\/ca\/wp-json\/wp\/v2\/types\/product"}],"replies":[{"embeddable":true,"href":"https:\/\/www.laperlavalles.cat\/ca\/wp-json\/wp\/v2\/comments?post=64900"}],"wp:featuredmedia":[{"embeddable":true,"href":"https:\/\/www.laperlavalles.cat\/ca\/wp-json\/wp\/v2\/media\/170726"}],"wp:attachment":[{"href":"https:\/\/www.laperlavalles.cat\/ca\/wp-json\/wp\/v2\/media?parent=64900"}],"wp:term":[{"taxonomy":"product_cat","embeddable":true,"href":"https:\/\/www.laperlavalles.cat\/ca\/wp-json\/wp\/v2\/product_cat?post=64900"},{"taxonomy":"product_tag","embeddable":true,"href":"https:\/\/www.laperlavalles.cat\/ca\/wp-json\/wp\/v2\/product_tag?post=64900"}],"curies":[{"name":"wp","href":"https:\/\/api.w.org\/{rel}","templated":true}]}}