{"id":64960,"date":"2021-07-12T20:28:42","date_gmt":"2021-07-12T18:28:45","guid":{"rendered":"https:\/\/www.laperlavalles2.bcntic.com\/product\/xips-banana-mr-ho-dolces\/"},"modified":"2024-07-01T16:28:22","modified_gmt":"2024-07-01T14:28:22","slug":"xips-banana-mr-ho-dolces","status":"publish","type":"product","link":"https:\/\/www.laperlavalles.cat\/ca\/producte\/xips-banana-mr-ho-dolces\/","title":{"rendered":"XIPS BANANA MR HO DOLCES"},"content":{"rendered":"<p>Les xips de banana Mr Hoo dolces s\u00f3n un snack de banana t\u00edpic de Costa Rica. Si busques un distribu\u00efdor d&#8217;alimentaci\u00f3, begudes i cosm\u00e8tica contacta amb La Perla. Distribu\u00efm alimentaci\u00f3 global arreu del m\u00f3n.<\/p>\n","protected":false},"excerpt":{"rendered":"<p>Les xips de banana Mr Hoo dolces s\u00f3n un snack de banana t\u00edpic de Costa Rica. Si busques un distribu\u00efdor d&#8217;alimentaci\u00f3, begudes i cosm\u00e8tica contacta amb<span class=\"excerpt-hellip\"> [\u2026]<\/span><\/p>\n","protected":false},"featured_media":157385,"comment_status":"open","ping_status":"closed","template":"","meta":[],"product_cat":[10617],"product_tag":[],"_links":{"self":[{"href":"https:\/\/www.laperlavalles.cat\/ca\/wp-json\/wp\/v2\/product\/64960"}],"collection":[{"href":"https:\/\/www.laperlavalles.cat\/ca\/wp-json\/wp\/v2\/product"}],"about":[{"href":"https:\/\/www.laperlavalles.cat\/ca\/wp-json\/wp\/v2\/types\/product"}],"replies":[{"embeddable":true,"href":"https:\/\/www.laperlavalles.cat\/ca\/wp-json\/wp\/v2\/comments?post=64960"}],"wp:featuredmedia":[{"embeddable":true,"href":"https:\/\/www.laperlavalles.cat\/ca\/wp-json\/wp\/v2\/media\/157385"}],"wp:attachment":[{"href":"https:\/\/www.laperlavalles.cat\/ca\/wp-json\/wp\/v2\/media?parent=64960"}],"wp:term":[{"taxonomy":"product_cat","embeddable":true,"href":"https:\/\/www.laperlavalles.cat\/ca\/wp-json\/wp\/v2\/product_cat?post=64960"},{"taxonomy":"product_tag","embeddable":true,"href":"https:\/\/www.laperlavalles.cat\/ca\/wp-json\/wp\/v2\/product_tag?post=64960"}],"curies":[{"name":"wp","href":"https:\/\/api.w.org\/{rel}","templated":true}]}}