{"id":65860,"date":"2021-07-12T20:43:57","date_gmt":"2021-07-12T18:44:01","guid":{"rendered":"https:\/\/www.laperlavalles2.bcntic.com\/product\/tom-brown-freshtasty-2\/"},"modified":"2024-08-30T13:39:27","modified_gmt":"2024-08-30T11:39:27","slug":"tom-brown-freshtasty-2","status":"publish","type":"product","link":"https:\/\/www.laperlavalles.cat\/ca\/producte\/tom-brown-freshtasty-2\/","title":{"rendered":"TOM BROWN FRESH&amp;TASTY"},"content":{"rendered":"<p>Preparat de farina de mill picant.<br \/>\nProductes Alimentaris La Perla \u00e9s una empresa dedicada a la importaci\u00f3 i distribuci\u00f3 d&#8217;alimentaci\u00f3 \u00e8tnica i alimentaci\u00f3 global d&#8217;\u00c0frica, \u00c0sia i Am\u00e8rica de Sud<\/p>\n","protected":false},"excerpt":{"rendered":"<p>Preparat de farina de mill picant. Productes Alimentaris La Perla \u00e9s una empresa dedicada a la importaci\u00f3 i distribuci\u00f3 d&#8217;alimentaci\u00f3 \u00e8tnica i alimentaci\u00f3 global d&#8217;\u00c0frica, \u00c0sia<span class=\"excerpt-hellip\"> [\u2026]<\/span><\/p>\n","protected":false},"featured_media":154461,"comment_status":"open","ping_status":"closed","template":"","meta":[],"product_cat":[10617],"product_tag":[],"_links":{"self":[{"href":"https:\/\/www.laperlavalles.cat\/ca\/wp-json\/wp\/v2\/product\/65860"}],"collection":[{"href":"https:\/\/www.laperlavalles.cat\/ca\/wp-json\/wp\/v2\/product"}],"about":[{"href":"https:\/\/www.laperlavalles.cat\/ca\/wp-json\/wp\/v2\/types\/product"}],"replies":[{"embeddable":true,"href":"https:\/\/www.laperlavalles.cat\/ca\/wp-json\/wp\/v2\/comments?post=65860"}],"wp:featuredmedia":[{"embeddable":true,"href":"https:\/\/www.laperlavalles.cat\/ca\/wp-json\/wp\/v2\/media\/154461"}],"wp:attachment":[{"href":"https:\/\/www.laperlavalles.cat\/ca\/wp-json\/wp\/v2\/media?parent=65860"}],"wp:term":[{"taxonomy":"product_cat","embeddable":true,"href":"https:\/\/www.laperlavalles.cat\/ca\/wp-json\/wp\/v2\/product_cat?post=65860"},{"taxonomy":"product_tag","embeddable":true,"href":"https:\/\/www.laperlavalles.cat\/ca\/wp-json\/wp\/v2\/product_tag?post=65860"}],"curies":[{"name":"wp","href":"https:\/\/api.w.org\/{rel}","templated":true}]}}