{"id":66120,"date":"2021-07-12T20:48:41","date_gmt":"2021-07-12T18:48:45","guid":{"rendered":"https:\/\/www.laperlavalles2.bcntic.com\/product\/thiere-kumba-500gr-2\/"},"modified":"2023-06-23T08:50:43","modified_gmt":"2023-06-23T06:50:43","slug":"thiere-kumba-500gr-2","status":"publish","type":"product","link":"https:\/\/www.laperlavalles.cat\/ca\/producte\/thiere-kumba-500gr-2\/","title":{"rendered":"THIERE KUMBA 500GR"},"content":{"rendered":"<p>La Perla importa productes t\u00edpics i locals d&#8217;\u00c0frica com cereals de mill. El thiere Degue Kumba \u00e9s cusc\u00fas de mill t\u00edpic de la cuina africana.<\/p>\n","protected":false},"excerpt":{"rendered":"<p>La Perla importa productes t\u00edpics i locals d&#8217;\u00c0frica com cereals de mill. El thiere Degue Kumba \u00e9s cusc\u00fas de mill t\u00edpic de la cuina africana.<\/p>\n","protected":false},"featured_media":159254,"comment_status":"open","ping_status":"closed","template":"","meta":[],"product_cat":[8514,8418],"product_tag":[],"_links":{"self":[{"href":"https:\/\/www.laperlavalles.cat\/ca\/wp-json\/wp\/v2\/product\/66120"}],"collection":[{"href":"https:\/\/www.laperlavalles.cat\/ca\/wp-json\/wp\/v2\/product"}],"about":[{"href":"https:\/\/www.laperlavalles.cat\/ca\/wp-json\/wp\/v2\/types\/product"}],"replies":[{"embeddable":true,"href":"https:\/\/www.laperlavalles.cat\/ca\/wp-json\/wp\/v2\/comments?post=66120"}],"wp:featuredmedia":[{"embeddable":true,"href":"https:\/\/www.laperlavalles.cat\/ca\/wp-json\/wp\/v2\/media\/159254"}],"wp:attachment":[{"href":"https:\/\/www.laperlavalles.cat\/ca\/wp-json\/wp\/v2\/media?parent=66120"}],"wp:term":[{"taxonomy":"product_cat","embeddable":true,"href":"https:\/\/www.laperlavalles.cat\/ca\/wp-json\/wp\/v2\/product_cat?post=66120"},{"taxonomy":"product_tag","embeddable":true,"href":"https:\/\/www.laperlavalles.cat\/ca\/wp-json\/wp\/v2\/product_tag?post=66120"}],"curies":[{"name":"wp","href":"https:\/\/api.w.org\/{rel}","templated":true}]}}