{"id":66160,"date":"2021-07-12T20:49:16","date_gmt":"2021-07-12T18:49:20","guid":{"rendered":"https:\/\/www.laperlavalles2.bcntic.com\/product\/sankhal-kumba-500gr-2\/"},"modified":"2023-06-23T08:51:45","modified_gmt":"2023-06-23T06:51:45","slug":"sankhal-kumba-500gr-2","status":"publish","type":"product","link":"https:\/\/www.laperlavalles.cat\/ca\/producte\/sankhal-kumba-500gr-2\/","title":{"rendered":"SANKHAL KUMBA 500GR"},"content":{"rendered":"<p>La Perla importa productes t\u00edpics i locals d&#8217;\u00c0frica com cereals de mill. El shankal gne-gne Kumba \u00e9s mill trencat t\u00edpic de la cuina africana.<\/p>\n","protected":false},"excerpt":{"rendered":"<p>La Perla importa productes t\u00edpics i locals d&#8217;\u00c0frica com cereals de mill. El shankal gne-gne Kumba \u00e9s mill trencat t\u00edpic de la cuina africana.<\/p>\n","protected":false},"featured_media":159302,"comment_status":"open","ping_status":"closed","template":"","meta":[],"product_cat":[8514,8418],"product_tag":[],"_links":{"self":[{"href":"https:\/\/www.laperlavalles.cat\/ca\/wp-json\/wp\/v2\/product\/66160"}],"collection":[{"href":"https:\/\/www.laperlavalles.cat\/ca\/wp-json\/wp\/v2\/product"}],"about":[{"href":"https:\/\/www.laperlavalles.cat\/ca\/wp-json\/wp\/v2\/types\/product"}],"replies":[{"embeddable":true,"href":"https:\/\/www.laperlavalles.cat\/ca\/wp-json\/wp\/v2\/comments?post=66160"}],"wp:featuredmedia":[{"embeddable":true,"href":"https:\/\/www.laperlavalles.cat\/ca\/wp-json\/wp\/v2\/media\/159302"}],"wp:attachment":[{"href":"https:\/\/www.laperlavalles.cat\/ca\/wp-json\/wp\/v2\/media?parent=66160"}],"wp:term":[{"taxonomy":"product_cat","embeddable":true,"href":"https:\/\/www.laperlavalles.cat\/ca\/wp-json\/wp\/v2\/product_cat?post=66160"},{"taxonomy":"product_tag","embeddable":true,"href":"https:\/\/www.laperlavalles.cat\/ca\/wp-json\/wp\/v2\/product_tag?post=66160"}],"curies":[{"name":"wp","href":"https:\/\/api.w.org\/{rel}","templated":true}]}}