{"id":66180,"date":"2021-07-12T20:49:33","date_gmt":"2021-07-12T18:49:37","guid":{"rendered":"https:\/\/www.laperlavalles2.bcntic.com\/product\/thiacri-kumba-500gr-2\/"},"modified":"2023-06-23T08:52:05","modified_gmt":"2023-06-23T06:52:05","slug":"thiacri-kumba-500gr-2","status":"publish","type":"product","link":"https:\/\/www.laperlavalles.cat\/ca\/producte\/thiacri-kumba-500gr-2\/","title":{"rendered":"THIACRI KUMBA 500GR"},"content":{"rendered":"<p>La Perla importa productes t\u00edpics i locals d&#8217;\u00c0frica com cereals de mill. El Thiacri Degue Kumba \u00e9s s\u00e8mola de mill t\u00edpica de la cuina africana.<\/p>\n","protected":false},"excerpt":{"rendered":"<p>La Perla importa productes t\u00edpics i locals d&#8217;\u00c0frica com cereals de mill. El Thiacri Degue Kumba \u00e9s s\u00e8mola de mill t\u00edpica de la cuina africana.<\/p>\n","protected":false},"featured_media":159318,"comment_status":"open","ping_status":"closed","template":"","meta":[],"product_cat":[8514,8418],"product_tag":[],"_links":{"self":[{"href":"https:\/\/www.laperlavalles.cat\/ca\/wp-json\/wp\/v2\/product\/66180"}],"collection":[{"href":"https:\/\/www.laperlavalles.cat\/ca\/wp-json\/wp\/v2\/product"}],"about":[{"href":"https:\/\/www.laperlavalles.cat\/ca\/wp-json\/wp\/v2\/types\/product"}],"replies":[{"embeddable":true,"href":"https:\/\/www.laperlavalles.cat\/ca\/wp-json\/wp\/v2\/comments?post=66180"}],"wp:featuredmedia":[{"embeddable":true,"href":"https:\/\/www.laperlavalles.cat\/ca\/wp-json\/wp\/v2\/media\/159318"}],"wp:attachment":[{"href":"https:\/\/www.laperlavalles.cat\/ca\/wp-json\/wp\/v2\/media?parent=66180"}],"wp:term":[{"taxonomy":"product_cat","embeddable":true,"href":"https:\/\/www.laperlavalles.cat\/ca\/wp-json\/wp\/v2\/product_cat?post=66180"},{"taxonomy":"product_tag","embeddable":true,"href":"https:\/\/www.laperlavalles.cat\/ca\/wp-json\/wp\/v2\/product_tag?post=66180"}],"curies":[{"name":"wp","href":"https:\/\/api.w.org\/{rel}","templated":true}]}}