{"id":66260,"date":"2021-07-12T20:50:46","date_gmt":"2021-07-12T18:50:50","guid":{"rendered":"https:\/\/www.laperlavalles2.bcntic.com\/product\/pure-de-patata-lp-foods-10kg\/"},"modified":"2023-06-23T08:53:31","modified_gmt":"2023-06-23T06:53:31","slug":"pure-de-patata-lp-foods-10kg","status":"publish","type":"product","link":"https:\/\/www.laperlavalles.cat\/ca\/producte\/pure-de-patata-lp-foods-10kg\/","title":{"rendered":"PUR\u00c9 DE PATATA LP FOODS 10KG"},"content":{"rendered":"<p>Pur\u00e9 de patata LP African Foods. Pur\u00e9 de patata o escames de patata. <\/p>\n","protected":false},"excerpt":{"rendered":"<p>Pur\u00e9 de patata LP African Foods. Pur\u00e9 de patata o escames de patata.<\/p>\n","protected":false},"featured_media":159377,"comment_status":"open","ping_status":"closed","template":"","meta":[],"product_cat":[8514,8418],"product_tag":[],"_links":{"self":[{"href":"https:\/\/www.laperlavalles.cat\/ca\/wp-json\/wp\/v2\/product\/66260"}],"collection":[{"href":"https:\/\/www.laperlavalles.cat\/ca\/wp-json\/wp\/v2\/product"}],"about":[{"href":"https:\/\/www.laperlavalles.cat\/ca\/wp-json\/wp\/v2\/types\/product"}],"replies":[{"embeddable":true,"href":"https:\/\/www.laperlavalles.cat\/ca\/wp-json\/wp\/v2\/comments?post=66260"}],"wp:featuredmedia":[{"embeddable":true,"href":"https:\/\/www.laperlavalles.cat\/ca\/wp-json\/wp\/v2\/media\/159377"}],"wp:attachment":[{"href":"https:\/\/www.laperlavalles.cat\/ca\/wp-json\/wp\/v2\/media?parent=66260"}],"wp:term":[{"taxonomy":"product_cat","embeddable":true,"href":"https:\/\/www.laperlavalles.cat\/ca\/wp-json\/wp\/v2\/product_cat?post=66260"},{"taxonomy":"product_tag","embeddable":true,"href":"https:\/\/www.laperlavalles.cat\/ca\/wp-json\/wp\/v2\/product_tag?post=66260"}],"curies":[{"name":"wp","href":"https:\/\/api.w.org\/{rel}","templated":true}]}}