{"id":66480,"date":"2021-07-12T20:54:34","date_gmt":"2021-07-12T18:54:38","guid":{"rendered":"https:\/\/www.laperlavalles2.bcntic.com\/product\/sankhal-halah-400gr-2\/"},"modified":"2025-04-02T12:20:50","modified_gmt":"2025-04-02T10:20:50","slug":"sankhal-halah-400gr-2","status":"publish","type":"product","link":"https:\/\/www.laperlavalles.cat\/ca\/producte\/sankhal-halah-400gr-2\/","title":{"rendered":"SANKHAL HALAH 400GR"},"content":{"rendered":"<p>La Perla importa productes t\u00edpics i locals d&#8217;\u00c0frica com cereals de mill. El shankal gne-gne Halah \u00e9s mill trencat t\u00edpic de la cuina africana.<\/p>\n","protected":false},"excerpt":{"rendered":"<p>La Perla importa productes t\u00edpics i locals d&#8217;\u00c0frica com cereals de mill. El shankal gne-gne Halah \u00e9s mill trencat t\u00edpic de la cuina africana.<\/p>\n","protected":false},"featured_media":162230,"comment_status":"open","ping_status":"closed","template":"","meta":[],"product_cat":[8514,8418],"product_tag":[],"_links":{"self":[{"href":"https:\/\/www.laperlavalles.cat\/ca\/wp-json\/wp\/v2\/product\/66480"}],"collection":[{"href":"https:\/\/www.laperlavalles.cat\/ca\/wp-json\/wp\/v2\/product"}],"about":[{"href":"https:\/\/www.laperlavalles.cat\/ca\/wp-json\/wp\/v2\/types\/product"}],"replies":[{"embeddable":true,"href":"https:\/\/www.laperlavalles.cat\/ca\/wp-json\/wp\/v2\/comments?post=66480"}],"wp:featuredmedia":[{"embeddable":true,"href":"https:\/\/www.laperlavalles.cat\/ca\/wp-json\/wp\/v2\/media\/162230"}],"wp:attachment":[{"href":"https:\/\/www.laperlavalles.cat\/ca\/wp-json\/wp\/v2\/media?parent=66480"}],"wp:term":[{"taxonomy":"product_cat","embeddable":true,"href":"https:\/\/www.laperlavalles.cat\/ca\/wp-json\/wp\/v2\/product_cat?post=66480"},{"taxonomy":"product_tag","embeddable":true,"href":"https:\/\/www.laperlavalles.cat\/ca\/wp-json\/wp\/v2\/product_tag?post=66480"}],"curies":[{"name":"wp","href":"https:\/\/api.w.org\/{rel}","templated":true}]}}