{"id":66520,"date":"2021-07-12T20:55:19","date_gmt":"2021-07-12T18:55:23","guid":{"rendered":"https:\/\/www.laperlavalles2.bcntic.com\/product\/mido-de-iuca-dolc-25-kg\/"},"modified":"2023-06-23T09:42:02","modified_gmt":"2023-06-23T07:42:02","slug":"mido-de-iuca-dolc-25-kg","status":"publish","type":"product","link":"https:\/\/www.laperlavalles.cat\/ca\/producte\/mido-de-iuca-dolc-25-kg\/","title":{"rendered":"MID\u00d3 DE IUCA DOL\u00c7 25 KG"},"content":{"rendered":"<p>Mid\u00f3 de iuca dol\u00e7 format industrial. <\/p>\n","protected":false},"excerpt":{"rendered":"<p>Mid\u00f3 de iuca dol\u00e7 format industrial.<\/p>\n","protected":false},"featured_media":161622,"comment_status":"open","ping_status":"closed","template":"","meta":[],"product_cat":[8514,8418],"product_tag":[],"_links":{"self":[{"href":"https:\/\/www.laperlavalles.cat\/ca\/wp-json\/wp\/v2\/product\/66520"}],"collection":[{"href":"https:\/\/www.laperlavalles.cat\/ca\/wp-json\/wp\/v2\/product"}],"about":[{"href":"https:\/\/www.laperlavalles.cat\/ca\/wp-json\/wp\/v2\/types\/product"}],"replies":[{"embeddable":true,"href":"https:\/\/www.laperlavalles.cat\/ca\/wp-json\/wp\/v2\/comments?post=66520"}],"wp:featuredmedia":[{"embeddable":true,"href":"https:\/\/www.laperlavalles.cat\/ca\/wp-json\/wp\/v2\/media\/161622"}],"wp:attachment":[{"href":"https:\/\/www.laperlavalles.cat\/ca\/wp-json\/wp\/v2\/media?parent=66520"}],"wp:term":[{"taxonomy":"product_cat","embeddable":true,"href":"https:\/\/www.laperlavalles.cat\/ca\/wp-json\/wp\/v2\/product_cat?post=66520"},{"taxonomy":"product_tag","embeddable":true,"href":"https:\/\/www.laperlavalles.cat\/ca\/wp-json\/wp\/v2\/product_tag?post=66520"}],"curies":[{"name":"wp","href":"https:\/\/api.w.org\/{rel}","templated":true}]}}