{"id":66560,"date":"2021-07-12T20:56:00","date_gmt":"2021-07-12T18:56:04","guid":{"rendered":"https:\/\/www.laperlavalles2.bcntic.com\/product\/farina-mill-soungouf\/"},"modified":"2025-02-28T16:50:59","modified_gmt":"2025-02-28T15:50:59","slug":"farina-mill-soungouf","status":"publish","type":"product","link":"https:\/\/www.laperlavalles.cat\/ca\/producte\/farina-mill-soungouf\/","title":{"rendered":"FARINA DE MILL SOUNGOUF SAAFIA 20KG"},"content":{"rendered":"<p>La Perla \u00e9s especialista en la distribuci\u00f3 de farines procedents d&#8217;\u00c0frica. Consulta el nostre cat\u00e0leg complet de productes alimentaris d&#8217;origen afric\u00e0.<\/p>\n","protected":false},"excerpt":{"rendered":"<p>La Perla \u00e9s especialista en la distribuci\u00f3 de farines procedents d&#8217;\u00c0frica. Consulta el nostre cat\u00e0leg complet de productes alimentaris d&#8217;origen afric\u00e0.<\/p>\n","protected":false},"featured_media":161366,"comment_status":"open","ping_status":"closed","template":"","meta":[],"product_cat":[8514,8418],"product_tag":[],"_links":{"self":[{"href":"https:\/\/www.laperlavalles.cat\/ca\/wp-json\/wp\/v2\/product\/66560"}],"collection":[{"href":"https:\/\/www.laperlavalles.cat\/ca\/wp-json\/wp\/v2\/product"}],"about":[{"href":"https:\/\/www.laperlavalles.cat\/ca\/wp-json\/wp\/v2\/types\/product"}],"replies":[{"embeddable":true,"href":"https:\/\/www.laperlavalles.cat\/ca\/wp-json\/wp\/v2\/comments?post=66560"}],"wp:featuredmedia":[{"embeddable":true,"href":"https:\/\/www.laperlavalles.cat\/ca\/wp-json\/wp\/v2\/media\/161366"}],"wp:attachment":[{"href":"https:\/\/www.laperlavalles.cat\/ca\/wp-json\/wp\/v2\/media?parent=66560"}],"wp:term":[{"taxonomy":"product_cat","embeddable":true,"href":"https:\/\/www.laperlavalles.cat\/ca\/wp-json\/wp\/v2\/product_cat?post=66560"},{"taxonomy":"product_tag","embeddable":true,"href":"https:\/\/www.laperlavalles.cat\/ca\/wp-json\/wp\/v2\/product_tag?post=66560"}],"curies":[{"name":"wp","href":"https:\/\/api.w.org\/{rel}","templated":true}]}}