{"id":66620,"date":"2021-07-12T20:57:06","date_gmt":"2021-07-12T18:57:10","guid":{"rendered":"https:\/\/www.laperlavalles2.bcntic.com\/product\/farina-de-cigro-ktc-20kg\/"},"modified":"2024-04-16T18:30:20","modified_gmt":"2024-04-16T16:30:20","slug":"farina-de-cigro-ktc-20kg","status":"publish","type":"product","link":"https:\/\/www.laperlavalles.cat\/ca\/producte\/farina-de-cigro-ktc-20kg\/","title":{"rendered":"FARINA DE CIGR\u00d3 KTC 20KG"},"content":{"rendered":"<p>Farina de cigr\u00f3 elaborada a partir de cigrons m\u00f2lts. Un producte ideal per a arrebossats, pans, salses, sopes &#8230; Si ets distribu\u00efdor d&#8217;alimentaci\u00f3, alimentaci\u00f3 vegana, o distribu\u00efdor de canal horeca contacta amb nosaltres.<\/p>\n","protected":false},"excerpt":{"rendered":"<p>Farina de cigr\u00f3 elaborada a partir de cigrons m\u00f2lts. Un producte ideal per a arrebossats, pans, salses, sopes &#8230; Si ets distribu\u00efdor d&#8217;alimentaci\u00f3, alimentaci\u00f3 vegana, o<span class=\"excerpt-hellip\"> [\u2026]<\/span><\/p>\n","protected":false},"featured_media":164790,"comment_status":"open","ping_status":"closed","template":"","meta":[],"product_cat":[8514,8418],"product_tag":[],"_links":{"self":[{"href":"https:\/\/www.laperlavalles.cat\/ca\/wp-json\/wp\/v2\/product\/66620"}],"collection":[{"href":"https:\/\/www.laperlavalles.cat\/ca\/wp-json\/wp\/v2\/product"}],"about":[{"href":"https:\/\/www.laperlavalles.cat\/ca\/wp-json\/wp\/v2\/types\/product"}],"replies":[{"embeddable":true,"href":"https:\/\/www.laperlavalles.cat\/ca\/wp-json\/wp\/v2\/comments?post=66620"}],"wp:featuredmedia":[{"embeddable":true,"href":"https:\/\/www.laperlavalles.cat\/ca\/wp-json\/wp\/v2\/media\/164790"}],"wp:attachment":[{"href":"https:\/\/www.laperlavalles.cat\/ca\/wp-json\/wp\/v2\/media?parent=66620"}],"wp:term":[{"taxonomy":"product_cat","embeddable":true,"href":"https:\/\/www.laperlavalles.cat\/ca\/wp-json\/wp\/v2\/product_cat?post=66620"},{"taxonomy":"product_tag","embeddable":true,"href":"https:\/\/www.laperlavalles.cat\/ca\/wp-json\/wp\/v2\/product_tag?post=66620"}],"curies":[{"name":"wp","href":"https:\/\/api.w.org\/{rel}","templated":true}]}}