{"id":66640,"date":"2021-07-12T20:57:29","date_gmt":"2021-07-12T18:57:33","guid":{"rendered":"https:\/\/www.laperlavalles2.bcntic.com\/product\/vimto-llauna-33cl\/"},"modified":"2023-06-23T10:29:43","modified_gmt":"2023-06-23T08:29:43","slug":"vimto-llauna-33cl","status":"publish","type":"product","link":"https:\/\/www.laperlavalles.cat\/ca\/producte\/vimto-llauna-33cl\/","title":{"rendered":"VIMTO LLAUNA 33CL"},"content":{"rendered":"<p>Vimto \u00e9s una beguda refrescant gasosa amb gust de ra\u00efm, fruits vermells i grosella negra aromatitzada. Si ets distribu\u00efdor i vols vendre-la, contacta amb nosaltres.<\/p>\n","protected":false},"excerpt":{"rendered":"<p>Vimto \u00e9s una beguda refrescant gasosa amb gust de ra\u00efm, fruits vermells i grosella negra aromatitzada. Si ets distribu\u00efdor i vols vendre-la, contacta amb nosaltres.<\/p>\n","protected":false},"featured_media":163734,"comment_status":"open","ping_status":"closed","template":"","meta":[],"product_cat":[8405,8515],"product_tag":[],"_links":{"self":[{"href":"https:\/\/www.laperlavalles.cat\/ca\/wp-json\/wp\/v2\/product\/66640"}],"collection":[{"href":"https:\/\/www.laperlavalles.cat\/ca\/wp-json\/wp\/v2\/product"}],"about":[{"href":"https:\/\/www.laperlavalles.cat\/ca\/wp-json\/wp\/v2\/types\/product"}],"replies":[{"embeddable":true,"href":"https:\/\/www.laperlavalles.cat\/ca\/wp-json\/wp\/v2\/comments?post=66640"}],"wp:featuredmedia":[{"embeddable":true,"href":"https:\/\/www.laperlavalles.cat\/ca\/wp-json\/wp\/v2\/media\/163734"}],"wp:attachment":[{"href":"https:\/\/www.laperlavalles.cat\/ca\/wp-json\/wp\/v2\/media?parent=66640"}],"wp:term":[{"taxonomy":"product_cat","embeddable":true,"href":"https:\/\/www.laperlavalles.cat\/ca\/wp-json\/wp\/v2\/product_cat?post=66640"},{"taxonomy":"product_tag","embeddable":true,"href":"https:\/\/www.laperlavalles.cat\/ca\/wp-json\/wp\/v2\/product_tag?post=66640"}],"curies":[{"name":"wp","href":"https:\/\/api.w.org\/{rel}","templated":true}]}}