{"id":66760,"date":"2021-07-12T20:59:33","date_gmt":"2021-07-12T18:59:37","guid":{"rendered":"https:\/\/www.laperlavalles2.bcntic.com\/product\/x-ray-energy\/"},"modified":"2025-12-24T14:51:58","modified_gmt":"2025-12-24T13:51:58","slug":"x-ray-energy","status":"publish","type":"product","link":"https:\/\/www.laperlavalles.cat\/ca\/producte\/x-ray-energy\/","title":{"rendered":"X-RAY ENERGY DRINK"},"content":{"rendered":"<p>X Ray Energy Drink \u00e9s una beguda energ\u00e8tica no alcoh\u00f2lica amb cafe\u00efna i taurina.<\/p>\n","protected":false},"excerpt":{"rendered":"<p>X Ray Energy Drink \u00e9s una beguda energ\u00e8tica no alcoh\u00f2lica amb cafe\u00efna i taurina.<\/p>\n","protected":false},"featured_media":156702,"comment_status":"open","ping_status":"closed","template":"","meta":[],"product_cat":[10617],"product_tag":[],"_links":{"self":[{"href":"https:\/\/www.laperlavalles.cat\/ca\/wp-json\/wp\/v2\/product\/66760"}],"collection":[{"href":"https:\/\/www.laperlavalles.cat\/ca\/wp-json\/wp\/v2\/product"}],"about":[{"href":"https:\/\/www.laperlavalles.cat\/ca\/wp-json\/wp\/v2\/types\/product"}],"replies":[{"embeddable":true,"href":"https:\/\/www.laperlavalles.cat\/ca\/wp-json\/wp\/v2\/comments?post=66760"}],"wp:featuredmedia":[{"embeddable":true,"href":"https:\/\/www.laperlavalles.cat\/ca\/wp-json\/wp\/v2\/media\/156702"}],"wp:attachment":[{"href":"https:\/\/www.laperlavalles.cat\/ca\/wp-json\/wp\/v2\/media?parent=66760"}],"wp:term":[{"taxonomy":"product_cat","embeddable":true,"href":"https:\/\/www.laperlavalles.cat\/ca\/wp-json\/wp\/v2\/product_cat?post=66760"},{"taxonomy":"product_tag","embeddable":true,"href":"https:\/\/www.laperlavalles.cat\/ca\/wp-json\/wp\/v2\/product_tag?post=66760"}],"curies":[{"name":"wp","href":"https:\/\/api.w.org\/{rel}","templated":true}]}}