{"id":66820,"date":"2021-07-12T21:00:37","date_gmt":"2021-07-12T19:00:42","guid":{"rendered":"https:\/\/www.laperlavalles2.bcntic.com\/product\/beguda-de-gingebre-abramart-500ml\/"},"modified":"2024-04-26T10:29:16","modified_gmt":"2024-04-26T08:29:16","slug":"beguda-de-gingebre-abramart-500ml","status":"publish","type":"product","link":"https:\/\/www.laperlavalles.cat\/ca\/producte\/beguda-de-gingebre-abramart-500ml\/","title":{"rendered":"BEGUDA DE GINGEBRE ABRAMART 500ML"},"content":{"rendered":"<p>La beguda refrescant de Ginbebre Abramart \u00e9s una beguda t\u00edpica de certes regions d&#8217;\u00c0frica amb un intens gust de gingebre. <\/p>\n","protected":false},"excerpt":{"rendered":"<p>La beguda refrescant de Ginbebre Abramart \u00e9s una beguda t\u00edpica de certes regions d&#8217;\u00c0frica amb un intens gust de gingebre.<\/p>\n","protected":false},"featured_media":168934,"comment_status":"open","ping_status":"closed","template":"","meta":[],"product_cat":[8405,8507],"product_tag":[],"_links":{"self":[{"href":"https:\/\/www.laperlavalles.cat\/ca\/wp-json\/wp\/v2\/product\/66820"}],"collection":[{"href":"https:\/\/www.laperlavalles.cat\/ca\/wp-json\/wp\/v2\/product"}],"about":[{"href":"https:\/\/www.laperlavalles.cat\/ca\/wp-json\/wp\/v2\/types\/product"}],"replies":[{"embeddable":true,"href":"https:\/\/www.laperlavalles.cat\/ca\/wp-json\/wp\/v2\/comments?post=66820"}],"wp:featuredmedia":[{"embeddable":true,"href":"https:\/\/www.laperlavalles.cat\/ca\/wp-json\/wp\/v2\/media\/168934"}],"wp:attachment":[{"href":"https:\/\/www.laperlavalles.cat\/ca\/wp-json\/wp\/v2\/media?parent=66820"}],"wp:term":[{"taxonomy":"product_cat","embeddable":true,"href":"https:\/\/www.laperlavalles.cat\/ca\/wp-json\/wp\/v2\/product_cat?post=66820"},{"taxonomy":"product_tag","embeddable":true,"href":"https:\/\/www.laperlavalles.cat\/ca\/wp-json\/wp\/v2\/product_tag?post=66820"}],"curies":[{"name":"wp","href":"https:\/\/api.w.org\/{rel}","templated":true}]}}