{"id":66840,"date":"2021-07-12T21:01:01","date_gmt":"2021-07-12T19:01:06","guid":{"rendered":"https:\/\/www.laperlavalles2.bcntic.com\/product\/vimto-ampolla-2l\/"},"modified":"2023-06-23T11:27:16","modified_gmt":"2023-06-23T09:27:16","slug":"vimto-ampolla-2l","status":"publish","type":"product","link":"https:\/\/www.laperlavalles.cat\/ca\/producte\/vimto-ampolla-2l\/","title":{"rendered":"VIMTO AMPOLLA 2L"},"content":{"rendered":"<p>Vimto \u00e9s una beguda refrescant gasosa amb gust de ra\u00efm, fruits vermells i grosella negra aromatitzada. Si ets distribu\u00efdor i vols vendre-la, contacta amb nosaltres.<\/p>\n","protected":false},"excerpt":{"rendered":"<p>Vimto \u00e9s una beguda refrescant gasosa amb gust de ra\u00efm, fruits vermells i grosella negra aromatitzada. Si ets distribu\u00efdor i vols vendre-la, contacta amb nosaltres.<\/p>\n","protected":false},"featured_media":166342,"comment_status":"open","ping_status":"closed","template":"","meta":[],"product_cat":[8405,8515],"product_tag":[],"_links":{"self":[{"href":"https:\/\/www.laperlavalles.cat\/ca\/wp-json\/wp\/v2\/product\/66840"}],"collection":[{"href":"https:\/\/www.laperlavalles.cat\/ca\/wp-json\/wp\/v2\/product"}],"about":[{"href":"https:\/\/www.laperlavalles.cat\/ca\/wp-json\/wp\/v2\/types\/product"}],"replies":[{"embeddable":true,"href":"https:\/\/www.laperlavalles.cat\/ca\/wp-json\/wp\/v2\/comments?post=66840"}],"wp:featuredmedia":[{"embeddable":true,"href":"https:\/\/www.laperlavalles.cat\/ca\/wp-json\/wp\/v2\/media\/166342"}],"wp:attachment":[{"href":"https:\/\/www.laperlavalles.cat\/ca\/wp-json\/wp\/v2\/media?parent=66840"}],"wp:term":[{"taxonomy":"product_cat","embeddable":true,"href":"https:\/\/www.laperlavalles.cat\/ca\/wp-json\/wp\/v2\/product_cat?post=66840"},{"taxonomy":"product_tag","embeddable":true,"href":"https:\/\/www.laperlavalles.cat\/ca\/wp-json\/wp\/v2\/product_tag?post=66840"}],"curies":[{"name":"wp","href":"https:\/\/api.w.org\/{rel}","templated":true}]}}