{"id":66920,"date":"2021-07-12T21:02:36","date_gmt":"2021-07-12T19:02:40","guid":{"rendered":"https:\/\/www.laperlavalles2.bcntic.com\/product\/starling-ginger-2\/"},"modified":"2023-06-23T11:27:58","modified_gmt":"2023-06-23T09:27:58","slug":"starling-ginger-2","status":"publish","type":"product","link":"https:\/\/www.laperlavalles.cat\/ca\/producte\/starling-ginger-2\/","title":{"rendered":"STARLING GINGER"},"content":{"rendered":"<p>Beguda instant\u00e0nia o infusi\u00f3 instant\u00e0nia elaborada a base d&#8217;extracte de te amb gust de fruites.<\/p>\n","protected":false},"excerpt":{"rendered":"<p>Beguda instant\u00e0nia o infusi\u00f3 instant\u00e0nia elaborada a base d&#8217;extracte de te amb gust de fruites.<\/p>\n","protected":false},"featured_media":166369,"comment_status":"open","ping_status":"closed","template":"","meta":[],"product_cat":[8405,8516],"product_tag":[],"_links":{"self":[{"href":"https:\/\/www.laperlavalles.cat\/ca\/wp-json\/wp\/v2\/product\/66920"}],"collection":[{"href":"https:\/\/www.laperlavalles.cat\/ca\/wp-json\/wp\/v2\/product"}],"about":[{"href":"https:\/\/www.laperlavalles.cat\/ca\/wp-json\/wp\/v2\/types\/product"}],"replies":[{"embeddable":true,"href":"https:\/\/www.laperlavalles.cat\/ca\/wp-json\/wp\/v2\/comments?post=66920"}],"wp:featuredmedia":[{"embeddable":true,"href":"https:\/\/www.laperlavalles.cat\/ca\/wp-json\/wp\/v2\/media\/166369"}],"wp:attachment":[{"href":"https:\/\/www.laperlavalles.cat\/ca\/wp-json\/wp\/v2\/media?parent=66920"}],"wp:term":[{"taxonomy":"product_cat","embeddable":true,"href":"https:\/\/www.laperlavalles.cat\/ca\/wp-json\/wp\/v2\/product_cat?post=66920"},{"taxonomy":"product_tag","embeddable":true,"href":"https:\/\/www.laperlavalles.cat\/ca\/wp-json\/wp\/v2\/product_tag?post=66920"}],"curies":[{"name":"wp","href":"https:\/\/api.w.org\/{rel}","templated":true}]}}