{"id":66980,"date":"2021-07-12T21:03:44","date_gmt":"2021-07-12T19:03:48","guid":{"rendered":"https:\/\/www.laperlavalles2.bcntic.com\/product\/starling-pressec\/"},"modified":"2024-07-04T15:33:03","modified_gmt":"2024-07-04T13:33:03","slug":"starling-pressec","status":"publish","type":"product","link":"https:\/\/www.laperlavalles.cat\/ca\/producte\/starling-pressec\/","title":{"rendered":"STARLING PRESSEC"},"content":{"rendered":"<p>Beguda instant\u00e0nia o infusi\u00f3 instant\u00e0nia elaborada a base d&#8217;extracte de te amb gust de fruites.<\/p>\n","protected":false},"excerpt":{"rendered":"<p>Beguda instant\u00e0nia o infusi\u00f3 instant\u00e0nia elaborada a base d&#8217;extracte de te amb gust de fruites.<\/p>\n","protected":false},"featured_media":166417,"comment_status":"open","ping_status":"closed","template":"","meta":[],"product_cat":[10617],"product_tag":[],"_links":{"self":[{"href":"https:\/\/www.laperlavalles.cat\/ca\/wp-json\/wp\/v2\/product\/66980"}],"collection":[{"href":"https:\/\/www.laperlavalles.cat\/ca\/wp-json\/wp\/v2\/product"}],"about":[{"href":"https:\/\/www.laperlavalles.cat\/ca\/wp-json\/wp\/v2\/types\/product"}],"replies":[{"embeddable":true,"href":"https:\/\/www.laperlavalles.cat\/ca\/wp-json\/wp\/v2\/comments?post=66980"}],"wp:featuredmedia":[{"embeddable":true,"href":"https:\/\/www.laperlavalles.cat\/ca\/wp-json\/wp\/v2\/media\/166417"}],"wp:attachment":[{"href":"https:\/\/www.laperlavalles.cat\/ca\/wp-json\/wp\/v2\/media?parent=66980"}],"wp:term":[{"taxonomy":"product_cat","embeddable":true,"href":"https:\/\/www.laperlavalles.cat\/ca\/wp-json\/wp\/v2\/product_cat?post=66980"},{"taxonomy":"product_tag","embeddable":true,"href":"https:\/\/www.laperlavalles.cat\/ca\/wp-json\/wp\/v2\/product_tag?post=66980"}],"curies":[{"name":"wp","href":"https:\/\/api.w.org\/{rel}","templated":true}]}}