{"id":67100,"date":"2021-07-12T21:05:43","date_gmt":"2021-07-12T19:05:47","guid":{"rendered":"https:\/\/www.laperlavalles2.bcntic.com\/product\/starling-te-verd-a-la-menta\/"},"modified":"2023-06-23T10:47:51","modified_gmt":"2023-06-23T08:47:51","slug":"starling-te-verd-a-la-menta","status":"publish","type":"product","link":"https:\/\/www.laperlavalles.cat\/ca\/producte\/starling-te-verd-a-la-menta\/","title":{"rendered":"STARLING TE VERD A  LA MENTA"},"content":{"rendered":"<p>Beguda instant\u00e0nia o infusi\u00f3 instant\u00e0nia elaborada a base d&#8217;extracte de te amb gust de fruites.<\/p>\n","protected":false},"excerpt":{"rendered":"<p>Beguda instant\u00e0nia o infusi\u00f3 instant\u00e0nia elaborada a base d&#8217;extracte de te amb gust de fruites.<\/p>\n","protected":false},"featured_media":164561,"comment_status":"open","ping_status":"closed","template":"","meta":[],"product_cat":[8405,8516],"product_tag":[],"_links":{"self":[{"href":"https:\/\/www.laperlavalles.cat\/ca\/wp-json\/wp\/v2\/product\/67100"}],"collection":[{"href":"https:\/\/www.laperlavalles.cat\/ca\/wp-json\/wp\/v2\/product"}],"about":[{"href":"https:\/\/www.laperlavalles.cat\/ca\/wp-json\/wp\/v2\/types\/product"}],"replies":[{"embeddable":true,"href":"https:\/\/www.laperlavalles.cat\/ca\/wp-json\/wp\/v2\/comments?post=67100"}],"wp:featuredmedia":[{"embeddable":true,"href":"https:\/\/www.laperlavalles.cat\/ca\/wp-json\/wp\/v2\/media\/164561"}],"wp:attachment":[{"href":"https:\/\/www.laperlavalles.cat\/ca\/wp-json\/wp\/v2\/media?parent=67100"}],"wp:term":[{"taxonomy":"product_cat","embeddable":true,"href":"https:\/\/www.laperlavalles.cat\/ca\/wp-json\/wp\/v2\/product_cat?post=67100"},{"taxonomy":"product_tag","embeddable":true,"href":"https:\/\/www.laperlavalles.cat\/ca\/wp-json\/wp\/v2\/product_tag?post=67100"}],"curies":[{"name":"wp","href":"https:\/\/api.w.org\/{rel}","templated":true}]}}