{"id":67140,"date":"2021-07-12T21:06:28","date_gmt":"2021-07-12T19:06:32","guid":{"rendered":"https:\/\/www.laperlavalles2.bcntic.com\/product\/starling-tamarind\/"},"modified":"2023-06-23T10:48:34","modified_gmt":"2023-06-23T08:48:34","slug":"starling-tamarind","status":"publish","type":"product","link":"https:\/\/www.laperlavalles.cat\/ca\/producte\/starling-tamarind\/","title":{"rendered":"STARLING TAMARIND"},"content":{"rendered":"<p>Beguda instant\u00e0nia o infusi\u00f3 instant\u00e0nia elaborada a base d&#8217;extracte de te amb gust de fruites.<\/p>\n","protected":false},"excerpt":{"rendered":"<p>Beguda instant\u00e0nia o infusi\u00f3 instant\u00e0nia elaborada a base d&#8217;extracte de te amb gust de fruites.<\/p>\n","protected":false},"featured_media":164593,"comment_status":"open","ping_status":"closed","template":"","meta":[],"product_cat":[8405,8516],"product_tag":[],"_links":{"self":[{"href":"https:\/\/www.laperlavalles.cat\/ca\/wp-json\/wp\/v2\/product\/67140"}],"collection":[{"href":"https:\/\/www.laperlavalles.cat\/ca\/wp-json\/wp\/v2\/product"}],"about":[{"href":"https:\/\/www.laperlavalles.cat\/ca\/wp-json\/wp\/v2\/types\/product"}],"replies":[{"embeddable":true,"href":"https:\/\/www.laperlavalles.cat\/ca\/wp-json\/wp\/v2\/comments?post=67140"}],"wp:featuredmedia":[{"embeddable":true,"href":"https:\/\/www.laperlavalles.cat\/ca\/wp-json\/wp\/v2\/media\/164593"}],"wp:attachment":[{"href":"https:\/\/www.laperlavalles.cat\/ca\/wp-json\/wp\/v2\/media?parent=67140"}],"wp:term":[{"taxonomy":"product_cat","embeddable":true,"href":"https:\/\/www.laperlavalles.cat\/ca\/wp-json\/wp\/v2\/product_cat?post=67140"},{"taxonomy":"product_tag","embeddable":true,"href":"https:\/\/www.laperlavalles.cat\/ca\/wp-json\/wp\/v2\/product_tag?post=67140"}],"curies":[{"name":"wp","href":"https:\/\/api.w.org\/{rel}","templated":true}]}}