{"id":67160,"date":"2021-07-12T21:06:47","date_gmt":"2021-07-12T19:06:50","guid":{"rendered":"https:\/\/www.laperlavalles2.bcntic.com\/product\/starling-llimona\/"},"modified":"2023-06-23T10:05:01","modified_gmt":"2023-06-23T08:05:01","slug":"starling-llimona","status":"publish","type":"product","link":"https:\/\/www.laperlavalles.cat\/ca\/producte\/starling-llimona\/","title":{"rendered":"STARLING LLIMONA"},"content":{"rendered":"<p>Beguda instant\u00e0nia o infusi\u00f3 instant\u00e0nia elaborada a base d&#8217;extracte de te amb gust de fruites.<\/p>\n","protected":false},"excerpt":{"rendered":"<p>Beguda instant\u00e0nia o infusi\u00f3 instant\u00e0nia elaborada a base d&#8217;extracte de te amb gust de fruites.<\/p>\n","protected":false},"featured_media":162641,"comment_status":"open","ping_status":"closed","template":"","meta":[],"product_cat":[8405,8516],"product_tag":[],"_links":{"self":[{"href":"https:\/\/www.laperlavalles.cat\/ca\/wp-json\/wp\/v2\/product\/67160"}],"collection":[{"href":"https:\/\/www.laperlavalles.cat\/ca\/wp-json\/wp\/v2\/product"}],"about":[{"href":"https:\/\/www.laperlavalles.cat\/ca\/wp-json\/wp\/v2\/types\/product"}],"replies":[{"embeddable":true,"href":"https:\/\/www.laperlavalles.cat\/ca\/wp-json\/wp\/v2\/comments?post=67160"}],"wp:featuredmedia":[{"embeddable":true,"href":"https:\/\/www.laperlavalles.cat\/ca\/wp-json\/wp\/v2\/media\/162641"}],"wp:attachment":[{"href":"https:\/\/www.laperlavalles.cat\/ca\/wp-json\/wp\/v2\/media?parent=67160"}],"wp:term":[{"taxonomy":"product_cat","embeddable":true,"href":"https:\/\/www.laperlavalles.cat\/ca\/wp-json\/wp\/v2\/product_cat?post=67160"},{"taxonomy":"product_tag","embeddable":true,"href":"https:\/\/www.laperlavalles.cat\/ca\/wp-json\/wp\/v2\/product_tag?post=67160"}],"curies":[{"name":"wp","href":"https:\/\/api.w.org\/{rel}","templated":true}]}}