{"id":67900,"date":"2021-07-12T21:19:06","date_gmt":"2021-07-12T19:19:10","guid":{"rendered":"https:\/\/www.laperlavalles2.bcntic.com\/product\/tallarines-darros-bamboo-tree-5mm\/"},"modified":"2023-06-23T11:38:18","modified_gmt":"2023-06-23T09:38:18","slug":"tallarines-darros-bamboo-tree-5mm","status":"publish","type":"product","link":"https:\/\/www.laperlavalles.cat\/ca\/producte\/tallarines-darros-bamboo-tree-5mm\/","title":{"rendered":"TALLARINES D&#8217;ARR\u00d2S BAMBOO TREE 5MM"},"content":{"rendered":"<p>Tallarines d&#8217;arr\u00f2s Bamboo Tree elaborades amb arr\u00f2s. Fideus de 5mm. Fideus t\u00edpics vietnamites.<\/p>\n","protected":false},"excerpt":{"rendered":"<p>Tallarines d&#8217;arr\u00f2s Bamboo Tree elaborades amb arr\u00f2s. Fideus de 5mm. Fideus t\u00edpics vietnamites.<\/p>\n","protected":false},"featured_media":166838,"comment_status":"open","ping_status":"closed","template":"","meta":[],"product_cat":[8415],"product_tag":[],"_links":{"self":[{"href":"https:\/\/www.laperlavalles.cat\/ca\/wp-json\/wp\/v2\/product\/67900"}],"collection":[{"href":"https:\/\/www.laperlavalles.cat\/ca\/wp-json\/wp\/v2\/product"}],"about":[{"href":"https:\/\/www.laperlavalles.cat\/ca\/wp-json\/wp\/v2\/types\/product"}],"replies":[{"embeddable":true,"href":"https:\/\/www.laperlavalles.cat\/ca\/wp-json\/wp\/v2\/comments?post=67900"}],"wp:featuredmedia":[{"embeddable":true,"href":"https:\/\/www.laperlavalles.cat\/ca\/wp-json\/wp\/v2\/media\/166838"}],"wp:attachment":[{"href":"https:\/\/www.laperlavalles.cat\/ca\/wp-json\/wp\/v2\/media?parent=67900"}],"wp:term":[{"taxonomy":"product_cat","embeddable":true,"href":"https:\/\/www.laperlavalles.cat\/ca\/wp-json\/wp\/v2\/product_cat?post=67900"},{"taxonomy":"product_tag","embeddable":true,"href":"https:\/\/www.laperlavalles.cat\/ca\/wp-json\/wp\/v2\/product_tag?post=67900"}],"curies":[{"name":"wp","href":"https:\/\/api.w.org\/{rel}","templated":true}]}}