{"id":67940,"date":"2021-07-12T21:19:50","date_gmt":"2021-07-12T19:19:54","guid":{"rendered":"https:\/\/www.laperlavalles2.bcntic.com\/product\/fideus-darros-vermicelli-bamboo-tree\/"},"modified":"2023-06-23T11:39:00","modified_gmt":"2023-06-23T09:39:00","slug":"fideus-darros-vermicelli-bamboo-tree","status":"publish","type":"product","link":"https:\/\/www.laperlavalles.cat\/ca\/producte\/fideus-darros-vermicelli-bamboo-tree\/","title":{"rendered":"FIDEUS D&#8217;ARR\u00d2S VERMICELLI BAMBOO TREE"},"content":{"rendered":"<p>Fideus d&#8217;arr\u00f2s Vermicelli Bamboo Tree. Fideus d&#8217;arr\u00f2s. <\/p>\n","protected":false},"excerpt":{"rendered":"<p>Fideus d&#8217;arr\u00f2s Vermicelli Bamboo Tree. Fideus d&#8217;arr\u00f2s.<\/p>\n","protected":false},"featured_media":166870,"comment_status":"open","ping_status":"closed","template":"","meta":[],"product_cat":[8415],"product_tag":[],"_links":{"self":[{"href":"https:\/\/www.laperlavalles.cat\/ca\/wp-json\/wp\/v2\/product\/67940"}],"collection":[{"href":"https:\/\/www.laperlavalles.cat\/ca\/wp-json\/wp\/v2\/product"}],"about":[{"href":"https:\/\/www.laperlavalles.cat\/ca\/wp-json\/wp\/v2\/types\/product"}],"replies":[{"embeddable":true,"href":"https:\/\/www.laperlavalles.cat\/ca\/wp-json\/wp\/v2\/comments?post=67940"}],"wp:featuredmedia":[{"embeddable":true,"href":"https:\/\/www.laperlavalles.cat\/ca\/wp-json\/wp\/v2\/media\/166870"}],"wp:attachment":[{"href":"https:\/\/www.laperlavalles.cat\/ca\/wp-json\/wp\/v2\/media?parent=67940"}],"wp:term":[{"taxonomy":"product_cat","embeddable":true,"href":"https:\/\/www.laperlavalles.cat\/ca\/wp-json\/wp\/v2\/product_cat?post=67940"},{"taxonomy":"product_tag","embeddable":true,"href":"https:\/\/www.laperlavalles.cat\/ca\/wp-json\/wp\/v2\/product_tag?post=67940"}],"curies":[{"name":"wp","href":"https:\/\/api.w.org\/{rel}","templated":true}]}}