{"id":68220,"date":"2021-07-12T21:24:21","date_gmt":"2021-07-12T19:24:25","guid":{"rendered":"https:\/\/www.laperlavalles2.bcntic.com\/product\/tallarines-darros-aroy-d-5mm\/"},"modified":"2023-06-23T08:38:19","modified_gmt":"2023-06-23T06:38:19","slug":"tallarines-darros-aroy-d-5mm","status":"publish","type":"product","link":"https:\/\/www.laperlavalles.cat\/ca\/producte\/tallarines-darros-aroy-d-5mm\/","title":{"rendered":"TALLARINES D&#8217;ARR\u00d2S AROY-D 5MM"},"content":{"rendered":"<p>Tallarines d&#8217;arr\u00f2s Aroy-d elaborades amb arr\u00f2s. Fideus de 5mm.<\/p>\n","protected":false},"excerpt":{"rendered":"<p>Tallarines d&#8217;arr\u00f2s Aroy-d elaborades amb arr\u00f2s. Fideus de 5mm.<\/p>\n","protected":false},"featured_media":158673,"comment_status":"open","ping_status":"closed","template":"","meta":[],"product_cat":[8415],"product_tag":[],"_links":{"self":[{"href":"https:\/\/www.laperlavalles.cat\/ca\/wp-json\/wp\/v2\/product\/68220"}],"collection":[{"href":"https:\/\/www.laperlavalles.cat\/ca\/wp-json\/wp\/v2\/product"}],"about":[{"href":"https:\/\/www.laperlavalles.cat\/ca\/wp-json\/wp\/v2\/types\/product"}],"replies":[{"embeddable":true,"href":"https:\/\/www.laperlavalles.cat\/ca\/wp-json\/wp\/v2\/comments?post=68220"}],"wp:featuredmedia":[{"embeddable":true,"href":"https:\/\/www.laperlavalles.cat\/ca\/wp-json\/wp\/v2\/media\/158673"}],"wp:attachment":[{"href":"https:\/\/www.laperlavalles.cat\/ca\/wp-json\/wp\/v2\/media?parent=68220"}],"wp:term":[{"taxonomy":"product_cat","embeddable":true,"href":"https:\/\/www.laperlavalles.cat\/ca\/wp-json\/wp\/v2\/product_cat?post=68220"},{"taxonomy":"product_tag","embeddable":true,"href":"https:\/\/www.laperlavalles.cat\/ca\/wp-json\/wp\/v2\/product_tag?post=68220"}],"curies":[{"name":"wp","href":"https:\/\/api.w.org\/{rel}","templated":true}]}}