{"id":68800,"date":"2021-07-12T21:34:47","date_gmt":"2021-07-12T19:34:52","guid":{"rendered":"https:\/\/www.laperlavalles2.bcntic.com\/product\/chutney-de-mango-dolc-natco\/"},"modified":"2023-06-23T11:26:10","modified_gmt":"2023-06-23T09:26:10","slug":"chutney-de-mango-dolc-natco","status":"publish","type":"product","link":"https:\/\/www.laperlavalles.cat\/ca\/producte\/chutney-de-mango-dolc-natco\/","title":{"rendered":"CHUTNEY DE MANGO DOL\u00c7 NATCO"},"content":{"rendered":"<p>Chutney de mango dol\u00e7 o melmelada de mango dol\u00e7.<\/p>\n","protected":false},"excerpt":{"rendered":"<p>Chutney de mango dol\u00e7 o melmelada de mango dol\u00e7.<\/p>\n","protected":false},"featured_media":166294,"comment_status":"open","ping_status":"closed","template":"","meta":[],"product_cat":[8409],"product_tag":[],"_links":{"self":[{"href":"https:\/\/www.laperlavalles.cat\/ca\/wp-json\/wp\/v2\/product\/68800"}],"collection":[{"href":"https:\/\/www.laperlavalles.cat\/ca\/wp-json\/wp\/v2\/product"}],"about":[{"href":"https:\/\/www.laperlavalles.cat\/ca\/wp-json\/wp\/v2\/types\/product"}],"replies":[{"embeddable":true,"href":"https:\/\/www.laperlavalles.cat\/ca\/wp-json\/wp\/v2\/comments?post=68800"}],"wp:featuredmedia":[{"embeddable":true,"href":"https:\/\/www.laperlavalles.cat\/ca\/wp-json\/wp\/v2\/media\/166294"}],"wp:attachment":[{"href":"https:\/\/www.laperlavalles.cat\/ca\/wp-json\/wp\/v2\/media?parent=68800"}],"wp:term":[{"taxonomy":"product_cat","embeddable":true,"href":"https:\/\/www.laperlavalles.cat\/ca\/wp-json\/wp\/v2\/product_cat?post=68800"},{"taxonomy":"product_tag","embeddable":true,"href":"https:\/\/www.laperlavalles.cat\/ca\/wp-json\/wp\/v2\/product_tag?post=68800"}],"curies":[{"name":"wp","href":"https:\/\/api.w.org\/{rel}","templated":true}]}}