{"id":68820,"date":"2021-07-12T21:35:10","date_gmt":"2021-07-12T19:35:14","guid":{"rendered":"https:\/\/www.laperlavalles2.bcntic.com\/product\/banana-blossom-en-salmorra-aroy-d\/"},"modified":"2022-06-24T15:03:46","modified_gmt":"2022-06-24T13:03:46","slug":"banana-blossom-en-salmorra-aroy-d","status":"publish","type":"product","link":"https:\/\/www.laperlavalles.cat\/ca\/producte\/banana-blossom-en-salmorra-aroy-d\/","title":{"rendered":"BANANA BLOSSOM EN SALMORRA AROY-D"},"content":{"rendered":"<p>La conserva de flor de pl\u00e0tan Aroy-D \u00e9s una conserva en salmorra de fruita tropical ideal per a consumir tot l&#8217;any. Som prove\u00efdors de fruita tropical fresca, i fruita tropical en conserva. Contacta amb La Perla per a vendre fruita tropical. <\/p>\n","protected":false},"excerpt":{"rendered":"<p>La conserva de flor de pl\u00e0tan Aroy-D \u00e9s una conserva en salmorra de fruita tropical ideal per a consumir tot l&#8217;any. Som prove\u00efdors de fruita tropical<span class=\"excerpt-hellip\"> [\u2026]<\/span><\/p>\n","protected":false},"featured_media":112897,"comment_status":"open","ping_status":"closed","template":"","meta":[],"product_cat":[8409],"product_tag":[],"_links":{"self":[{"href":"https:\/\/www.laperlavalles.cat\/ca\/wp-json\/wp\/v2\/product\/68820"}],"collection":[{"href":"https:\/\/www.laperlavalles.cat\/ca\/wp-json\/wp\/v2\/product"}],"about":[{"href":"https:\/\/www.laperlavalles.cat\/ca\/wp-json\/wp\/v2\/types\/product"}],"replies":[{"embeddable":true,"href":"https:\/\/www.laperlavalles.cat\/ca\/wp-json\/wp\/v2\/comments?post=68820"}],"wp:featuredmedia":[{"embeddable":true,"href":"https:\/\/www.laperlavalles.cat\/ca\/wp-json\/wp\/v2\/media\/112897"}],"wp:attachment":[{"href":"https:\/\/www.laperlavalles.cat\/ca\/wp-json\/wp\/v2\/media?parent=68820"}],"wp:term":[{"taxonomy":"product_cat","embeddable":true,"href":"https:\/\/www.laperlavalles.cat\/ca\/wp-json\/wp\/v2\/product_cat?post=68820"},{"taxonomy":"product_tag","embeddable":true,"href":"https:\/\/www.laperlavalles.cat\/ca\/wp-json\/wp\/v2\/product_tag?post=68820"}],"curies":[{"name":"wp","href":"https:\/\/api.w.org\/{rel}","templated":true}]}}