{"id":68840,"date":"2021-07-12T21:35:33","date_gmt":"2021-07-12T19:35:37","guid":{"rendered":"https:\/\/www.laperlavalles2.bcntic.com\/product\/garden-eggs-freshtasty-2\/"},"modified":"2024-02-23T16:31:08","modified_gmt":"2024-02-23T15:31:08","slug":"garden-eggs-freshtasty-2","status":"publish","type":"product","link":"https:\/\/www.laperlavalles.cat\/ca\/producte\/garden-eggs-freshtasty-2\/","title":{"rendered":"GARDEN EGGS FRESH&amp;TASTY"},"content":{"rendered":"<p>Les Garden Eggs s\u00f3n petites alberg\u00ednies africanes.  La Perla \u00e9s distribu\u00efdor d&#8217;alimentaci\u00f3 global o alimentaci\u00f3 \u00e8tnica.<\/p>\n","protected":false},"excerpt":{"rendered":"<p>Les Garden Eggs s\u00f3n petites alberg\u00ednies africanes. La Perla \u00e9s distribu\u00efdor d&#8217;alimentaci\u00f3 global o alimentaci\u00f3 \u00e8tnica.<\/p>\n","protected":false},"featured_media":170646,"comment_status":"open","ping_status":"closed","template":"","meta":[],"product_cat":[8409],"product_tag":[],"_links":{"self":[{"href":"https:\/\/www.laperlavalles.cat\/ca\/wp-json\/wp\/v2\/product\/68840"}],"collection":[{"href":"https:\/\/www.laperlavalles.cat\/ca\/wp-json\/wp\/v2\/product"}],"about":[{"href":"https:\/\/www.laperlavalles.cat\/ca\/wp-json\/wp\/v2\/types\/product"}],"replies":[{"embeddable":true,"href":"https:\/\/www.laperlavalles.cat\/ca\/wp-json\/wp\/v2\/comments?post=68840"}],"wp:featuredmedia":[{"embeddable":true,"href":"https:\/\/www.laperlavalles.cat\/ca\/wp-json\/wp\/v2\/media\/170646"}],"wp:attachment":[{"href":"https:\/\/www.laperlavalles.cat\/ca\/wp-json\/wp\/v2\/media?parent=68840"}],"wp:term":[{"taxonomy":"product_cat","embeddable":true,"href":"https:\/\/www.laperlavalles.cat\/ca\/wp-json\/wp\/v2\/product_cat?post=68840"},{"taxonomy":"product_tag","embeddable":true,"href":"https:\/\/www.laperlavalles.cat\/ca\/wp-json\/wp\/v2\/product_tag?post=68840"}],"curies":[{"name":"wp","href":"https:\/\/api.w.org\/{rel}","templated":true}]}}