{"id":68860,"date":"2021-07-12T21:35:52","date_gmt":"2021-07-12T19:35:56","guid":{"rendered":"https:\/\/www.laperlavalles2.bcntic.com\/product\/espinacs-jean-nicolas-850ml\/"},"modified":"2025-02-20T11:20:23","modified_gmt":"2025-02-20T10:20:23","slug":"espinacs-jean-nicolas-850ml","status":"publish","type":"product","link":"https:\/\/www.laperlavalles.cat\/ca\/producte\/espinacs-jean-nicolas-850ml\/","title":{"rendered":"ESPINACS JEAN NICOLAS 850ML"},"content":{"rendered":"<p>Els espinacs Jean Nicolas en conserva s\u00f3n espinacs trossejats en conserva. Si busques un distribu\u00efdor d&#8217;alimentaci\u00f3 La Perla proveeix d&#8217;alimentaci\u00f3 global, begudes i cosm\u00e8tica.<\/p>\n","protected":false},"excerpt":{"rendered":"<p>Els espinacs Jean Nicolas en conserva s\u00f3n espinacs trossejats en conserva. Si busques un distribu\u00efdor d&#8217;alimentaci\u00f3 La Perla proveeix d&#8217;alimentaci\u00f3 global, begudes i cosm\u00e8tica.<\/p>\n","protected":false},"featured_media":157729,"comment_status":"open","ping_status":"closed","template":"","meta":[],"product_cat":[10617],"product_tag":[],"_links":{"self":[{"href":"https:\/\/www.laperlavalles.cat\/ca\/wp-json\/wp\/v2\/product\/68860"}],"collection":[{"href":"https:\/\/www.laperlavalles.cat\/ca\/wp-json\/wp\/v2\/product"}],"about":[{"href":"https:\/\/www.laperlavalles.cat\/ca\/wp-json\/wp\/v2\/types\/product"}],"replies":[{"embeddable":true,"href":"https:\/\/www.laperlavalles.cat\/ca\/wp-json\/wp\/v2\/comments?post=68860"}],"wp:featuredmedia":[{"embeddable":true,"href":"https:\/\/www.laperlavalles.cat\/ca\/wp-json\/wp\/v2\/media\/157729"}],"wp:attachment":[{"href":"https:\/\/www.laperlavalles.cat\/ca\/wp-json\/wp\/v2\/media?parent=68860"}],"wp:term":[{"taxonomy":"product_cat","embeddable":true,"href":"https:\/\/www.laperlavalles.cat\/ca\/wp-json\/wp\/v2\/product_cat?post=68860"},{"taxonomy":"product_tag","embeddable":true,"href":"https:\/\/www.laperlavalles.cat\/ca\/wp-json\/wp\/v2\/product_tag?post=68860"}],"curies":[{"name":"wp","href":"https:\/\/api.w.org\/{rel}","templated":true}]}}