{"id":68880,"date":"2021-07-12T21:36:11","date_gmt":"2021-07-12T19:36:15","guid":{"rendered":"https:\/\/www.laperlavalles2.bcntic.com\/product\/espinacs-halah-850gr\/"},"modified":"2023-06-23T08:17:00","modified_gmt":"2023-06-23T06:17:00","slug":"espinacs-halah-850gr","status":"publish","type":"product","link":"https:\/\/www.laperlavalles.cat\/ca\/producte\/espinacs-halah-850gr\/","title":{"rendered":"ESPINACS HALAH 850GR"},"content":{"rendered":"<p>Els espinacs Halah en conserva s\u00f3n espinacs trossejats en conserva. Si busques un distribu\u00efdor d&#8217;alimentaci\u00f3 La Perla proveeix d&#8217;alimentaci\u00f3 global, begudes i cosm\u00e8tica.<\/p>\n","protected":false},"excerpt":{"rendered":"<p>Els espinacs Halah en conserva s\u00f3n espinacs trossejats en conserva. Si busques un distribu\u00efdor d&#8217;alimentaci\u00f3 La Perla proveeix d&#8217;alimentaci\u00f3 global, begudes i cosm\u00e8tica.<\/p>\n","protected":false},"featured_media":157745,"comment_status":"open","ping_status":"closed","template":"","meta":[],"product_cat":[8409],"product_tag":[],"_links":{"self":[{"href":"https:\/\/www.laperlavalles.cat\/ca\/wp-json\/wp\/v2\/product\/68880"}],"collection":[{"href":"https:\/\/www.laperlavalles.cat\/ca\/wp-json\/wp\/v2\/product"}],"about":[{"href":"https:\/\/www.laperlavalles.cat\/ca\/wp-json\/wp\/v2\/types\/product"}],"replies":[{"embeddable":true,"href":"https:\/\/www.laperlavalles.cat\/ca\/wp-json\/wp\/v2\/comments?post=68880"}],"wp:featuredmedia":[{"embeddable":true,"href":"https:\/\/www.laperlavalles.cat\/ca\/wp-json\/wp\/v2\/media\/157745"}],"wp:attachment":[{"href":"https:\/\/www.laperlavalles.cat\/ca\/wp-json\/wp\/v2\/media?parent=68880"}],"wp:term":[{"taxonomy":"product_cat","embeddable":true,"href":"https:\/\/www.laperlavalles.cat\/ca\/wp-json\/wp\/v2\/product_cat?post=68880"},{"taxonomy":"product_tag","embeddable":true,"href":"https:\/\/www.laperlavalles.cat\/ca\/wp-json\/wp\/v2\/product_tag?post=68880"}],"curies":[{"name":"wp","href":"https:\/\/api.w.org\/{rel}","templated":true}]}}