{"id":68960,"date":"2021-07-12T21:37:23","date_gmt":"2021-07-12T19:37:27","guid":{"rendered":"https:\/\/www.laperlavalles2.bcntic.com\/product\/gandules-verdes-america-import\/"},"modified":"2023-06-23T08:18:25","modified_gmt":"2023-06-23T06:18:25","slug":"gandules-verdes-america-import","status":"publish","type":"product","link":"https:\/\/www.laperlavalles.cat\/ca\/producte\/gandules-verdes-america-import\/","title":{"rendered":"GANDULES VERDES AMERICA IMPORT"},"content":{"rendered":"<p>Gandules verdes America Import \u00e9s un aliment t\u00edpic de la cuina del Carib, en particular de la cuina de Puerto Rico o Rep\u00fablica Dominicana. La Perla \u00e9s distribu\u00efdor d&#8217;alimentaci\u00f3 global o alimentaci\u00f3 \u00e8tnica.<\/p>\n","protected":false},"excerpt":{"rendered":"<p>Gandules verdes America Import \u00e9s un aliment t\u00edpic de la cuina del Carib, en particular de la cuina de Puerto Rico o Rep\u00fablica Dominicana. La Perla<span class=\"excerpt-hellip\"> [\u2026]<\/span><\/p>\n","protected":false},"featured_media":157814,"comment_status":"open","ping_status":"closed","template":"","meta":[],"product_cat":[8409],"product_tag":[],"_links":{"self":[{"href":"https:\/\/www.laperlavalles.cat\/ca\/wp-json\/wp\/v2\/product\/68960"}],"collection":[{"href":"https:\/\/www.laperlavalles.cat\/ca\/wp-json\/wp\/v2\/product"}],"about":[{"href":"https:\/\/www.laperlavalles.cat\/ca\/wp-json\/wp\/v2\/types\/product"}],"replies":[{"embeddable":true,"href":"https:\/\/www.laperlavalles.cat\/ca\/wp-json\/wp\/v2\/comments?post=68960"}],"wp:featuredmedia":[{"embeddable":true,"href":"https:\/\/www.laperlavalles.cat\/ca\/wp-json\/wp\/v2\/media\/157814"}],"wp:attachment":[{"href":"https:\/\/www.laperlavalles.cat\/ca\/wp-json\/wp\/v2\/media?parent=68960"}],"wp:term":[{"taxonomy":"product_cat","embeddable":true,"href":"https:\/\/www.laperlavalles.cat\/ca\/wp-json\/wp\/v2\/product_cat?post=68960"},{"taxonomy":"product_tag","embeddable":true,"href":"https:\/\/www.laperlavalles.cat\/ca\/wp-json\/wp\/v2\/product_tag?post=68960"}],"curies":[{"name":"wp","href":"https:\/\/api.w.org\/{rel}","templated":true}]}}