{"id":69000,"date":"2021-07-12T21:37:59","date_gmt":"2021-07-12T19:38:03","guid":{"rendered":"https:\/\/www.laperlavalles2.bcntic.com\/product\/mackerel-salsa-tomaquet-ghana-taste\/"},"modified":"2024-07-01T16:49:20","modified_gmt":"2024-07-01T14:49:20","slug":"mackerel-salsa-tomaquet-ghana-taste","status":"publish","type":"product","link":"https:\/\/www.laperlavalles.cat\/ca\/producte\/mackerel-salsa-tomaquet-ghana-taste\/","title":{"rendered":"MACKEREL SALSA TOM\u00c0QUET GHANA TASTE"},"content":{"rendered":"<p>La conserva Mackerel o Maquereau Ghana Taste \u00e9s verat amb salsa de tom\u00e0quet.<\/p>\n","protected":false},"excerpt":{"rendered":"<p>La conserva Mackerel o Maquereau Ghana Taste \u00e9s verat amb salsa de tom\u00e0quet.<\/p>\n","protected":false},"featured_media":157846,"comment_status":"open","ping_status":"closed","template":"","meta":[],"product_cat":[10617],"product_tag":[],"_links":{"self":[{"href":"https:\/\/www.laperlavalles.cat\/ca\/wp-json\/wp\/v2\/product\/69000"}],"collection":[{"href":"https:\/\/www.laperlavalles.cat\/ca\/wp-json\/wp\/v2\/product"}],"about":[{"href":"https:\/\/www.laperlavalles.cat\/ca\/wp-json\/wp\/v2\/types\/product"}],"replies":[{"embeddable":true,"href":"https:\/\/www.laperlavalles.cat\/ca\/wp-json\/wp\/v2\/comments?post=69000"}],"wp:featuredmedia":[{"embeddable":true,"href":"https:\/\/www.laperlavalles.cat\/ca\/wp-json\/wp\/v2\/media\/157846"}],"wp:attachment":[{"href":"https:\/\/www.laperlavalles.cat\/ca\/wp-json\/wp\/v2\/media?parent=69000"}],"wp:term":[{"taxonomy":"product_cat","embeddable":true,"href":"https:\/\/www.laperlavalles.cat\/ca\/wp-json\/wp\/v2\/product_cat?post=69000"},{"taxonomy":"product_tag","embeddable":true,"href":"https:\/\/www.laperlavalles.cat\/ca\/wp-json\/wp\/v2\/product_tag?post=69000"}],"curies":[{"name":"wp","href":"https:\/\/api.w.org\/{rel}","templated":true}]}}