{"id":69980,"date":"2021-07-12T21:54:07","date_gmt":"2021-07-12T19:54:11","guid":{"rendered":"https:\/\/www.laperlavalles2.bcntic.com\/product\/xampu-sense-sulfate-de-aguacte-cantu\/"},"modified":"2023-06-23T12:51:26","modified_gmt":"2023-06-23T10:51:26","slug":"xampu-sense-sulfate-de-aguacte-cantu","status":"publish","type":"product","link":"https:\/\/www.laperlavalles.cat\/ca\/producte\/xampu-sense-sulfate-de-aguacte-cantu\/","title":{"rendered":"CANTU AVOCADO SHAMPOO"},"content":{"rendered":"<p> Xamp\u00fa hidratant elaborat a base d&#8217;oli d&#8217;alvocat. La Perla \u00e9s distribu\u00efdor oficial de Cantu, consulta al nostre cat\u00e0leg totes les gammes disponibles de cosm\u00e8tics i accessoris Cantu.<\/p>\n","protected":false},"excerpt":{"rendered":"<p>Xamp\u00fa hidratant elaborat a base d&#8217;oli d&#8217;alvocat. La Perla \u00e9s distribu\u00efdor oficial de Cantu, consulta al nostre cat\u00e0leg totes les gammes disponibles de cosm\u00e8tics i accessoris<span class=\"excerpt-hellip\"> [\u2026]<\/span><\/p>\n","protected":false},"featured_media":170129,"comment_status":"open","ping_status":"closed","template":"","meta":[],"product_cat":[8423,24329],"product_tag":[],"_links":{"self":[{"href":"https:\/\/www.laperlavalles.cat\/ca\/wp-json\/wp\/v2\/product\/69980"}],"collection":[{"href":"https:\/\/www.laperlavalles.cat\/ca\/wp-json\/wp\/v2\/product"}],"about":[{"href":"https:\/\/www.laperlavalles.cat\/ca\/wp-json\/wp\/v2\/types\/product"}],"replies":[{"embeddable":true,"href":"https:\/\/www.laperlavalles.cat\/ca\/wp-json\/wp\/v2\/comments?post=69980"}],"wp:featuredmedia":[{"embeddable":true,"href":"https:\/\/www.laperlavalles.cat\/ca\/wp-json\/wp\/v2\/media\/170129"}],"wp:attachment":[{"href":"https:\/\/www.laperlavalles.cat\/ca\/wp-json\/wp\/v2\/media?parent=69980"}],"wp:term":[{"taxonomy":"product_cat","embeddable":true,"href":"https:\/\/www.laperlavalles.cat\/ca\/wp-json\/wp\/v2\/product_cat?post=69980"},{"taxonomy":"product_tag","embeddable":true,"href":"https:\/\/www.laperlavalles.cat\/ca\/wp-json\/wp\/v2\/product_tag?post=69980"}],"curies":[{"name":"wp","href":"https:\/\/api.w.org\/{rel}","templated":true}]}}